{"id":6762,"date":"2023-11-10T10:32:19","date_gmt":"2023-11-10T09:32:19","guid":{"rendered":"https:\/\/www.madamegrizzly.com\/?post_type=product&#038;p=6762"},"modified":"2023-11-10T11:37:01","modified_gmt":"2023-11-10T10:37:01","slug":"carte-postale-rideuse","status":"publish","type":"product","link":"https:\/\/www.madamegrizzly.com\/index.php\/produit\/carte-postale-rideuse\/","title":{"rendered":"Carte postale \u00ab\u00a0Rideuse\u00a0\u00bb"},"content":{"rendered":"<p>[vc_row][vc_column][vc_column_text]Carte postale \u00ab\u00a0Rideuse\u00a0\u00bb<br \/>\nImprim\u00e9e sur papier recycl\u00e9 \u00e0 base de ma\u00efs 300 gr<br \/>\nDimensions : 10 cm x 15 cm<br \/>\nFournie avec une enveloppe \u00ab\u00a0kraft\u00a0\u00bb<br \/>\nVerso vierge avec logo en noir[\/vc_column_text][\/vc_column][\/vc_row]<\/p>\n","protected":false},"excerpt":{"rendered":"<h1 class=\"grve-title clearfix animate-fade-in\">CARTE POSTALE<\/h1>\n<h3 class=\"grve-title clearfix animate-fade-in\">\u00ab\u00a0RIDEUSE\u00a0\u00bb<\/h3>\n<p>Imprim\u00e9e sur papier recycl\u00e9 300 gr<br \/>\nDimensions : 10 cm x 15 cm<\/p>\n","protected":false},"featured_media":6757,"template":"","meta":[],"product_brand":[],"product_cat":[433,19],"product_tag":[213,252,409,203,416,400,321,415,410,411,431],"class_list":{"0":"post-6762","1":"product","2":"type-product","3":"status-publish","4":"has-post-thumbnail","6":"product_cat-carte-postale","7":"product_cat-papeterie-et-decoration","8":"product_tag-carte-postale","9":"product_tag-decoration","10":"product_tag-girl","11":"product_tag-illustration","12":"product_tag-longboard","13":"product_tag-ocean","14":"product_tag-papier-recycle","15":"product_tag-rideuse","16":"product_tag-skate","17":"product_tag-surf","18":"product_tag-surfskate","20":"first","21":"instock","22":"taxable","23":"shipping-taxable","24":"purchasable","25":"product-type-simple"},"_links":{"self":[{"href":"https:\/\/www.madamegrizzly.com\/index.php\/wp-json\/wp\/v2\/product\/6762","targetHints":{"allow":["GET"]}}],"collection":[{"href":"https:\/\/www.madamegrizzly.com\/index.php\/wp-json\/wp\/v2\/product"}],"about":[{"href":"https:\/\/www.madamegrizzly.com\/index.php\/wp-json\/wp\/v2\/types\/product"}],"wp:featuredmedia":[{"embeddable":true,"href":"https:\/\/www.madamegrizzly.com\/index.php\/wp-json\/wp\/v2\/media\/6757"}],"wp:attachment":[{"href":"https:\/\/www.madamegrizzly.com\/index.php\/wp-json\/wp\/v2\/media?parent=6762"}],"wp:term":[{"taxonomy":"product_brand","embeddable":true,"href":"https:\/\/www.madamegrizzly.com\/index.php\/wp-json\/wp\/v2\/product_brand?post=6762"},{"taxonomy":"product_cat","embeddable":true,"href":"https:\/\/www.madamegrizzly.com\/index.php\/wp-json\/wp\/v2\/product_cat?post=6762"},{"taxonomy":"product_tag","embeddable":true,"href":"https:\/\/www.madamegrizzly.com\/index.php\/wp-json\/wp\/v2\/product_tag?post=6762"}],"curies":[{"name":"wp","href":"https:\/\/api.w.org\/{rel}","templated":true}]}}