{"id":6761,"date":"2023-11-10T10:30:30","date_gmt":"2023-11-10T09:30:30","guid":{"rendered":"https:\/\/www.madamegrizzly.com\/?post_type=product&#038;p=6761"},"modified":"2023-11-10T11:37:10","modified_gmt":"2023-11-10T10:37:10","slug":"carte-postale-glace-a-velo","status":"publish","type":"product","link":"https:\/\/www.madamegrizzly.com\/index.php\/produit\/carte-postale-glace-a-velo\/","title":{"rendered":"Carte postale \u00ab\u00a0Glace \u00e0 v\u00e9lo\u00a0\u00bb"},"content":{"rendered":"<p>[vc_row][vc_column][vc_column_text]Carte postale \u00ab\u00a0Glace \u00e0 v\u00e9lo\u00a0\u00bb<br \/>\nImprim\u00e9e sur papier recycl\u00e9 \u00e0 base de ma\u00efs 300 gr<br \/>\nDimensions : 10 cm x 15 cm<br \/>\nFournie avec une enveloppe \u00ab\u00a0kraft\u00a0\u00bb<br \/>\nVerso vierge avec logo en noir[\/vc_column_text][\/vc_column][\/vc_row]<\/p>\n","protected":false},"excerpt":{"rendered":"<h1 class=\"grve-title clearfix animate-fade-in\">CARTE POSTALE<\/h1>\n<h3 class=\"grve-title clearfix animate-fade-in\">\u00ab\u00a0GLACE A VELO\u00a0\u00bb<\/h3>\n<p>Imprim\u00e9e sur papier recycl\u00e9 300 gr<br \/>\nDimensions : 10 cm x 15 cm<\/p>\n","protected":false},"featured_media":6756,"template":"","meta":[],"product_brand":[],"product_cat":[433,19],"product_tag":[429,213,424,252,409,428,203,400,321,430,411,427],"class_list":{"0":"post-6761","1":"product","2":"type-product","3":"status-publish","4":"has-post-thumbnail","6":"product_cat-carte-postale","7":"product_cat-papeterie-et-decoration","8":"product_tag-balade","9":"product_tag-carte-postale","10":"product_tag-chien","11":"product_tag-decoration","12":"product_tag-girl","13":"product_tag-glace","14":"product_tag-illustration","15":"product_tag-ocean","16":"product_tag-papier-recycle","17":"product_tag-summer","18":"product_tag-surf","19":"product_tag-velo","21":"first","22":"instock","23":"taxable","24":"shipping-taxable","25":"purchasable","26":"product-type-simple"},"_links":{"self":[{"href":"https:\/\/www.madamegrizzly.com\/index.php\/wp-json\/wp\/v2\/product\/6761","targetHints":{"allow":["GET"]}}],"collection":[{"href":"https:\/\/www.madamegrizzly.com\/index.php\/wp-json\/wp\/v2\/product"}],"about":[{"href":"https:\/\/www.madamegrizzly.com\/index.php\/wp-json\/wp\/v2\/types\/product"}],"wp:featuredmedia":[{"embeddable":true,"href":"https:\/\/www.madamegrizzly.com\/index.php\/wp-json\/wp\/v2\/media\/6756"}],"wp:attachment":[{"href":"https:\/\/www.madamegrizzly.com\/index.php\/wp-json\/wp\/v2\/media?parent=6761"}],"wp:term":[{"taxonomy":"product_brand","embeddable":true,"href":"https:\/\/www.madamegrizzly.com\/index.php\/wp-json\/wp\/v2\/product_brand?post=6761"},{"taxonomy":"product_cat","embeddable":true,"href":"https:\/\/www.madamegrizzly.com\/index.php\/wp-json\/wp\/v2\/product_cat?post=6761"},{"taxonomy":"product_tag","embeddable":true,"href":"https:\/\/www.madamegrizzly.com\/index.php\/wp-json\/wp\/v2\/product_tag?post=6761"}],"curies":[{"name":"wp","href":"https:\/\/api.w.org\/{rel}","templated":true}]}}