{"id":6750,"date":"2023-11-10T10:08:27","date_gmt":"2023-11-10T09:08:27","guid":{"rendered":"https:\/\/www.madamegrizzly.com\/?post_type=product&#038;p=6750"},"modified":"2023-11-10T11:44:33","modified_gmt":"2023-11-10T10:44:33","slug":"sticker-surfeuse-a-velo","status":"publish","type":"product","link":"https:\/\/www.madamegrizzly.com\/index.php\/produit\/sticker-surfeuse-a-velo\/","title":{"rendered":"Sticker Surfeuse \u00e0 v\u00e9lo"},"content":{"rendered":"<p>[vc_row][vc_column][vc_column_text]Sticker Surfeuse \u00e0 v\u00e9lo<br \/>\nDimensions : 6 cm x 7 cm<\/p>\n<p>Autocollant Skate &amp; Surf Culture \u00e0 coller sur votre planche, votre trottinette, votre ordinateur, votre t\u00e9l\u00e9phone ou tout autre endroit de votre choix.<\/p>\n<p>Les autocollants sont r\u00e9sistants aux UV, ce qui leur permet de supporter le soleil et les intemp\u00e9ries.[\/vc_column_text][\/vc_column][\/vc_row]<\/p>\n","protected":false},"excerpt":{"rendered":"<h1 class=\"grve-title clearfix animate-fade-in\">STICKER<\/h1>\n<h3 class=\"grve-title clearfix animate-fade-in\">\u00ab\u00a0SURFEUSE A VELO\u00a0\u00bb<\/h3>\n<p>Autocollant mignon<br \/>\nDimensions : 6 cm x 7 cm<\/p>\n","protected":false},"featured_media":6731,"template":"","meta":[],"product_brand":[],"product_cat":[19,434],"product_tag":[407,410,406,411,417,427],"class_list":{"0":"post-6750","1":"product","2":"type-product","3":"status-publish","4":"has-post-thumbnail","6":"product_cat-papeterie-et-decoration","7":"product_cat-stickers","8":"product_tag-autocollant","9":"product_tag-skate","10":"product_tag-sticker","11":"product_tag-surf","12":"product_tag-surfeuse","13":"product_tag-velo","15":"first","16":"instock","17":"taxable","18":"shipping-taxable","19":"purchasable","20":"product-type-simple"},"_links":{"self":[{"href":"https:\/\/www.madamegrizzly.com\/index.php\/wp-json\/wp\/v2\/product\/6750","targetHints":{"allow":["GET"]}}],"collection":[{"href":"https:\/\/www.madamegrizzly.com\/index.php\/wp-json\/wp\/v2\/product"}],"about":[{"href":"https:\/\/www.madamegrizzly.com\/index.php\/wp-json\/wp\/v2\/types\/product"}],"wp:featuredmedia":[{"embeddable":true,"href":"https:\/\/www.madamegrizzly.com\/index.php\/wp-json\/wp\/v2\/media\/6731"}],"wp:attachment":[{"href":"https:\/\/www.madamegrizzly.com\/index.php\/wp-json\/wp\/v2\/media?parent=6750"}],"wp:term":[{"taxonomy":"product_brand","embeddable":true,"href":"https:\/\/www.madamegrizzly.com\/index.php\/wp-json\/wp\/v2\/product_brand?post=6750"},{"taxonomy":"product_cat","embeddable":true,"href":"https:\/\/www.madamegrizzly.com\/index.php\/wp-json\/wp\/v2\/product_cat?post=6750"},{"taxonomy":"product_tag","embeddable":true,"href":"https:\/\/www.madamegrizzly.com\/index.php\/wp-json\/wp\/v2\/product_tag?post=6750"}],"curies":[{"name":"wp","href":"https:\/\/api.w.org\/{rel}","templated":true}]}}