{"id":6746,"date":"2023-11-10T09:58:31","date_gmt":"2023-11-10T08:58:31","guid":{"rendered":"https:\/\/www.madamegrizzly.com\/?post_type=product&#038;p=6746"},"modified":"2023-11-10T11:45:00","modified_gmt":"2023-11-10T10:45:00","slug":"sticker-viva-la-vida","status":"publish","type":"product","link":"https:\/\/www.madamegrizzly.com\/index.php\/produit\/sticker-viva-la-vida\/","title":{"rendered":"Sticker Viva La Vida"},"content":{"rendered":"<p>[vc_row][vc_column][vc_column_text]Sticker Viva La Vida<br \/>\nDimensions : 4,7 cm x 5 cm<\/p>\n<p>Autocollant Skate &amp; Surf Culture \u00e0 coller sur votre planche, votre trottinette, votre ordinateur, votre t\u00e9l\u00e9phone ou tout autre endroit de votre choix.<\/p>\n<p>Les autocollants sont r\u00e9sistants aux UV, ce qui leur permet de supporter le soleil et les intemp\u00e9ries.[\/vc_column_text][\/vc_column][\/vc_row]<\/p>\n","protected":false},"excerpt":{"rendered":"<h1 class=\"grve-title clearfix animate-fade-in\">STICKER<\/h1>\n<h3 class=\"grve-title clearfix animate-fade-in\">\u00ab\u00a0VIVA LA VIDA\u00a0\u00bb<\/h3>\n<p>Autocollant mignon<br \/>\nDimensions : 4,7 cm x 5 cm<\/p>\n","protected":false},"featured_media":6739,"template":"","meta":[],"product_brand":[],"product_cat":[19,434],"product_tag":[407,410,406,411,423],"class_list":{"0":"post-6746","1":"product","2":"type-product","3":"status-publish","4":"has-post-thumbnail","6":"product_cat-papeterie-et-decoration","7":"product_cat-stickers","8":"product_tag-autocollant","9":"product_tag-skate","10":"product_tag-sticker","11":"product_tag-surf","12":"product_tag-viva-la-vida","14":"first","15":"instock","16":"taxable","17":"shipping-taxable","18":"purchasable","19":"product-type-simple"},"_links":{"self":[{"href":"https:\/\/www.madamegrizzly.com\/index.php\/wp-json\/wp\/v2\/product\/6746","targetHints":{"allow":["GET"]}}],"collection":[{"href":"https:\/\/www.madamegrizzly.com\/index.php\/wp-json\/wp\/v2\/product"}],"about":[{"href":"https:\/\/www.madamegrizzly.com\/index.php\/wp-json\/wp\/v2\/types\/product"}],"wp:featuredmedia":[{"embeddable":true,"href":"https:\/\/www.madamegrizzly.com\/index.php\/wp-json\/wp\/v2\/media\/6739"}],"wp:attachment":[{"href":"https:\/\/www.madamegrizzly.com\/index.php\/wp-json\/wp\/v2\/media?parent=6746"}],"wp:term":[{"taxonomy":"product_brand","embeddable":true,"href":"https:\/\/www.madamegrizzly.com\/index.php\/wp-json\/wp\/v2\/product_brand?post=6746"},{"taxonomy":"product_cat","embeddable":true,"href":"https:\/\/www.madamegrizzly.com\/index.php\/wp-json\/wp\/v2\/product_cat?post=6746"},{"taxonomy":"product_tag","embeddable":true,"href":"https:\/\/www.madamegrizzly.com\/index.php\/wp-json\/wp\/v2\/product_tag?post=6746"}],"curies":[{"name":"wp","href":"https:\/\/api.w.org\/{rel}","templated":true}]}}