{"id":6742,"date":"2023-11-10T09:45:05","date_gmt":"2023-11-10T08:45:05","guid":{"rendered":"https:\/\/www.madamegrizzly.com\/?post_type=product&#038;p=6742"},"modified":"2023-11-10T11:45:51","modified_gmt":"2023-11-10T10:45:51","slug":"sticker-rideuse","status":"publish","type":"product","link":"https:\/\/www.madamegrizzly.com\/index.php\/produit\/sticker-rideuse\/","title":{"rendered":"Sticker Rideuse"},"content":{"rendered":"<p>[vc_row][vc_column][vc_column_text]Sticker Rideuse<br \/>\nDimensions : 5 cm x 7 cm<\/p>\n<p>Autocollant Skate &amp; Surf Culture \u00e0 coller sur votre planche, votre trottinette, votre ordinateur, votre t\u00e9l\u00e9phone ou tout autre endroit de votre choix.<\/p>\n<p>Les autocollants sont r\u00e9sistants aux UV, ce qui leur permet de supporter le soleil et les intemp\u00e9ries.[\/vc_column_text][\/vc_column][\/vc_row]<\/p>\n","protected":false},"excerpt":{"rendered":"<h1 class=\"grve-title clearfix animate-fade-in\">STICKER<\/h1>\n<h3 class=\"grve-title clearfix animate-fade-in\">\u00ab\u00a0RIDEUSE\u00a0\u00bb<\/h3>\n<p>Autocollant mignon<br \/>\nDimensions : 5 cm x 7 cm<\/p>\n","protected":false},"featured_media":6736,"template":"","meta":[],"product_brand":[],"product_cat":[19,434],"product_tag":[407,409,416,415,410,406,411],"class_list":{"0":"post-6742","1":"product","2":"type-product","3":"status-publish","4":"has-post-thumbnail","6":"product_cat-papeterie-et-decoration","7":"product_cat-stickers","8":"product_tag-autocollant","9":"product_tag-girl","10":"product_tag-longboard","11":"product_tag-rideuse","12":"product_tag-skate","13":"product_tag-sticker","14":"product_tag-surf","16":"first","17":"instock","18":"taxable","19":"shipping-taxable","20":"purchasable","21":"product-type-simple"},"_links":{"self":[{"href":"https:\/\/www.madamegrizzly.com\/index.php\/wp-json\/wp\/v2\/product\/6742","targetHints":{"allow":["GET"]}}],"collection":[{"href":"https:\/\/www.madamegrizzly.com\/index.php\/wp-json\/wp\/v2\/product"}],"about":[{"href":"https:\/\/www.madamegrizzly.com\/index.php\/wp-json\/wp\/v2\/types\/product"}],"wp:featuredmedia":[{"embeddable":true,"href":"https:\/\/www.madamegrizzly.com\/index.php\/wp-json\/wp\/v2\/media\/6736"}],"wp:attachment":[{"href":"https:\/\/www.madamegrizzly.com\/index.php\/wp-json\/wp\/v2\/media?parent=6742"}],"wp:term":[{"taxonomy":"product_brand","embeddable":true,"href":"https:\/\/www.madamegrizzly.com\/index.php\/wp-json\/wp\/v2\/product_brand?post=6742"},{"taxonomy":"product_cat","embeddable":true,"href":"https:\/\/www.madamegrizzly.com\/index.php\/wp-json\/wp\/v2\/product_cat?post=6742"},{"taxonomy":"product_tag","embeddable":true,"href":"https:\/\/www.madamegrizzly.com\/index.php\/wp-json\/wp\/v2\/product_tag?post=6742"}],"curies":[{"name":"wp","href":"https:\/\/api.w.org\/{rel}","templated":true}]}}