{"id":4623,"date":"2019-11-21T18:04:44","date_gmt":"2019-11-21T17:04:44","guid":{"rendered":"https:\/\/www.madamegrizzly.com\/?post_type=product&#038;p=4623"},"modified":"2022-04-28T18:24:23","modified_gmt":"2022-04-28T16:24:23","slug":"calendrier-2020-la-vie-en-plus-joli","status":"publish","type":"product","link":"https:\/\/www.madamegrizzly.com\/index.php\/produit\/calendrier-2020-la-vie-en-plus-joli\/","title":{"rendered":"Calendrier 2020 &#8211; La vie en plus joli"},"content":{"rendered":"<p>Calendrier mural 2020 \u00ab\u00a0La vie en plus joli\u00a0\u00bb &#8211; www.lavieenplusjoli.com<br \/>\n13 pages illustr\u00e9es, une page par mois avec le calendrier et les jours f\u00e9ri\u00e9s belges et fran\u00e7ais, une jolie phrase, une liste de petits bonheurs, les fruits et l\u00e9gumes du mois, les anniversaires \u00e0 ne pas oublier et un espace notes \u00ab\u00a0To Do(ux)\u00a0\u00bb<br \/>\nImprim\u00e9 sur papier mat 170gr<br \/>\nDimensions : A4 Paysage avec spirale \u00e0 anneaux (couleur blanc)<\/p>\n<p>&nbsp;<\/p>\n<p>&nbsp;<\/p>\n","protected":false},"excerpt":{"rendered":"<h1 class=\"grve-title clearfix animate-fade-in\">CALENDRIER 2020<\/h1>\n<h3 class=\"grve-title clearfix animate-fade-in\">\u00ab\u00a0LA VIE EN PLUS JOLI\u00a0\u00bb<\/h3>\n<p>Calendrier mural \u00ab\u00a0Le joli calendrier 2020\u00a0\u00bb<br \/>\n12 mois illustr\u00e9s I 1 page par mois<br \/>\nImprim\u00e9 sur papier mat 170 gr<br \/>\nDimensions : A4 Paysage avec spirale<\/p>\n","protected":false},"featured_media":4624,"template":"","meta":[],"product_brand":[],"product_cat":[19],"product_tag":[338,260,261,252,203,263],"class_list":{"0":"post-4623","1":"product","2":"type-product","3":"status-publish","4":"has-post-thumbnail","6":"product_cat-papeterie-et-decoration","7":"product_tag-338","8":"product_tag-calendrier","9":"product_tag-calendrier-mural","10":"product_tag-decoration","11":"product_tag-illustration","12":"product_tag-la-vie-en-plus-joli","13":"product_shipping_class-calendrier","15":"first","16":"outofstock","17":"taxable","18":"shipping-taxable","19":"purchasable","20":"product-type-simple"},"_links":{"self":[{"href":"https:\/\/www.madamegrizzly.com\/index.php\/wp-json\/wp\/v2\/product\/4623","targetHints":{"allow":["GET"]}}],"collection":[{"href":"https:\/\/www.madamegrizzly.com\/index.php\/wp-json\/wp\/v2\/product"}],"about":[{"href":"https:\/\/www.madamegrizzly.com\/index.php\/wp-json\/wp\/v2\/types\/product"}],"wp:featuredmedia":[{"embeddable":true,"href":"https:\/\/www.madamegrizzly.com\/index.php\/wp-json\/wp\/v2\/media\/4624"}],"wp:attachment":[{"href":"https:\/\/www.madamegrizzly.com\/index.php\/wp-json\/wp\/v2\/media?parent=4623"}],"wp:term":[{"taxonomy":"product_brand","embeddable":true,"href":"https:\/\/www.madamegrizzly.com\/index.php\/wp-json\/wp\/v2\/product_brand?post=4623"},{"taxonomy":"product_cat","embeddable":true,"href":"https:\/\/www.madamegrizzly.com\/index.php\/wp-json\/wp\/v2\/product_cat?post=4623"},{"taxonomy":"product_tag","embeddable":true,"href":"https:\/\/www.madamegrizzly.com\/index.php\/wp-json\/wp\/v2\/product_tag?post=4623"}],"curies":[{"name":"wp","href":"https:\/\/api.w.org\/{rel}","templated":true}]}}