{"id":4590,"date":"2019-11-20T15:15:23","date_gmt":"2019-11-20T14:15:23","guid":{"rendered":"https:\/\/www.madamegrizzly.com\/?post_type=product&#038;p=4590"},"modified":"2022-03-29T11:04:03","modified_gmt":"2022-03-29T09:04:03","slug":"housse-de-couette-la-balade-de-monsieur-saucisse","status":"publish","type":"product","link":"https:\/\/www.madamegrizzly.com\/index.php\/produit\/housse-de-couette-la-balade-de-monsieur-saucisse\/","title":{"rendered":"Housse de couette \u00ab\u00a0La balade de Monsieur Saucisse\u00a0\u00bb"},"content":{"rendered":"<p>Housse de couette et taie d&rsquo;oreiller \u00ab\u00a0La balade de Monsieur Saucisse\u00a0\u00bb pour b\u00e9b\u00e9<br \/>\nEn 100% coton bio Oeko-Tex\u00ae<br \/>\nDimensions de la housse : 140 x 100 cm<br \/>\nDimensions de la taie d&rsquo;oreiller : 40 x 60 cm<br \/>\nImagin\u00e9 et fabriqu\u00e9 en Belgique, imprim\u00e9 en France<\/p>\n<p><em>\u00ab\u00a0Monsieur Saucisse aime vagabonder les oreilles au vent \u00e0 travers champs ;<br \/>\nla truffe aux aguets, il suit la piste des saveurs,<br \/>\ncelles du chocolat chaud, des hot-dogs et du parfum des fleurs !<\/em><em>\u00ab\u00a0<\/em><\/p>\n<p>&nbsp;<\/p>\n<p><em>Avec le soutien de la F\u00e9d\u00e9ration Wallonie-Bruxelles<\/em><\/p>\n<p>&nbsp;<\/p>\n<p>&nbsp;<\/p>\n<p>&nbsp;<\/p>\n","protected":false},"excerpt":{"rendered":"<h1 class=\"grve-title clearfix animate-fade-in\">HOUSSE DE COUETTE &amp; TAIE D&rsquo;OREILLER<\/h1>\n<h3 class=\"grve-title clearfix animate-fade-in\">\u00ab\u00a0LA BALADE DE MONSIEUR SAUCISSE\u00a0\u00bb<\/h3>\n<p>En 100% coton bio\u00a0Oeko-Tex\u00ae<br \/>\nDimensions : 140 x 100 cm I 40 x 60cm<\/p>\n","protected":false},"featured_media":4581,"template":"","meta":[],"product_brand":[],"product_cat":[335],"product_tag":[213,252,203,277,323,321,322,324,325],"class_list":{"0":"post-4590","1":"product","2":"type-product","3":"status-publish","4":"has-post-thumbnail","6":"product_cat-linge-de-lit","7":"product_tag-carte-postale","8":"product_tag-decoration","9":"product_tag-illustration","10":"product_tag-mer","11":"product_tag-mouette","12":"product_tag-papier-recycle","13":"product_tag-phare","14":"product_tag-souvenir","15":"product_tag-vacances","17":"first","18":"instock","19":"taxable","20":"shipping-taxable","21":"purchasable","22":"product-type-simple"},"_links":{"self":[{"href":"https:\/\/www.madamegrizzly.com\/index.php\/wp-json\/wp\/v2\/product\/4590","targetHints":{"allow":["GET"]}}],"collection":[{"href":"https:\/\/www.madamegrizzly.com\/index.php\/wp-json\/wp\/v2\/product"}],"about":[{"href":"https:\/\/www.madamegrizzly.com\/index.php\/wp-json\/wp\/v2\/types\/product"}],"wp:featuredmedia":[{"embeddable":true,"href":"https:\/\/www.madamegrizzly.com\/index.php\/wp-json\/wp\/v2\/media\/4581"}],"wp:attachment":[{"href":"https:\/\/www.madamegrizzly.com\/index.php\/wp-json\/wp\/v2\/media?parent=4590"}],"wp:term":[{"taxonomy":"product_brand","embeddable":true,"href":"https:\/\/www.madamegrizzly.com\/index.php\/wp-json\/wp\/v2\/product_brand?post=4590"},{"taxonomy":"product_cat","embeddable":true,"href":"https:\/\/www.madamegrizzly.com\/index.php\/wp-json\/wp\/v2\/product_cat?post=4590"},{"taxonomy":"product_tag","embeddable":true,"href":"https:\/\/www.madamegrizzly.com\/index.php\/wp-json\/wp\/v2\/product_tag?post=4590"}],"curies":[{"name":"wp","href":"https:\/\/api.w.org\/{rel}","templated":true}]}}