{"id":4313,"date":"2019-01-31T10:08:56","date_gmt":"2019-01-31T09:08:56","guid":{"rendered":"https:\/\/www.madamegrizzly.com\/?post_type=product&#038;p=4313"},"modified":"2022-08-23T14:06:54","modified_gmt":"2022-08-23T12:06:54","slug":"faire-part-1212-marin","status":"publish","type":"product","link":"https:\/\/www.madamegrizzly.com\/index.php\/produit\/faire-part-1212-marin\/","title":{"rendered":"Faire-part 12*12 \u00ab\u00a0Marin\u00a0\u00bb"},"content":{"rendered":"<p>La papeterie \u00ab\u00a0<strong>Naissance<\/strong>\u00a0\u00bb vous permet d&rsquo;annoncer l&rsquo;arriv\u00e9e de votre enfant de fa\u00e7on originale et personnalis\u00e9e !<br \/>\nElle se d\u00e9cline sur diff\u00e9rents supports pour cr\u00e9er une harmonie parfaite : <strong>faire-part de naissance, remerciement, stickers, tampon, badge ou \u00e9tiquette<\/strong>.<\/p>\n<p>Imprim\u00e9 en couleur recto et verso, le faire-part \u00ab\u00a0<b>Marin<\/b>\u00a0\u00bb est disponible en format<strong> 10\u00d715 cm<\/strong> ou en format <strong>12\u00d712 cm<\/strong>, sur diff\u00e9rents papiers (lisse, structur\u00e9 ou recycl\u00e9).<\/p>\n<p>Une fois votre commande confirm\u00e9e et vos textes personnalis\u00e9s, nous vous envoyons <strong>une \u00e9preuve par e-mail<\/strong> au format PDF que nous vous demandons de relire avec attention. Vous souhaitez apporter une modification avant de valider\u00a0? Cette modification est comprise dans le prix. Pour toute autre modification suppl\u00e9mentaire, un suppl\u00e9ment de 25 euros sera factur\u00e9. Une fois l\u2019\u00e9preuve de v\u00e9rification valid\u00e9e, il ne sera plus possible d\u2019y effectuer des corrections ou modifications.<\/p>\n<p>La maquette valid\u00e9e apr\u00e8s v\u00e9rification sera envoy\u00e9e en impression. Vous recevez votre commande chez vous (pour en savoir plus sur les d\u00e9lais, rendez-vous sur <a href=\"https:\/\/www.madamegrizzly.com\/index.php\/faire-part-comment-ca-marche\/\">Comment \u00e7a marche?<\/a>).<\/p>\n<p>&nbsp;<\/p>\n<p>&nbsp;<\/p>\n","protected":false},"excerpt":{"rendered":"<h1 class=\"grve-title clearfix animate-fade-in\">FAIRE-PART 12*12<\/h1>\n<h3 class=\"grve-title clearfix animate-fade-in\">\u00ab\u00a0MARIN\u00a0\u00bb<\/h3>\n<p>Veuillez s\u00e9lectionner le nombre d&rsquo;exemplaires, le papier et encodez ensuite votre texte personnalis\u00e9. Une fois votre commande confirm\u00e9e, vous recevrez un projet \u00e0 valider.<\/p>\n","protected":false},"featured_media":4292,"template":"","meta":[],"product_brand":[],"product_cat":[14,280],"product_tag":[148,278,277,149,173,279],"class_list":{"0":"post-4313","1":"product","2":"type-product","3":"status-publish","4":"has-post-thumbnail","6":"product_cat-faire-part-de-naissance","7":"product_cat-marindeaudouce","8":"product_tag-faire-part-de-naissance","9":"product_tag-marin","10":"product_tag-mer","11":"product_tag-naissance","12":"product_tag-papeterie","13":"product_tag-sardine","15":"first","16":"instock","17":"taxable","18":"shipping-taxable","19":"purchasable","20":"product-type-variable"},"_links":{"self":[{"href":"https:\/\/www.madamegrizzly.com\/index.php\/wp-json\/wp\/v2\/product\/4313","targetHints":{"allow":["GET"]}}],"collection":[{"href":"https:\/\/www.madamegrizzly.com\/index.php\/wp-json\/wp\/v2\/product"}],"about":[{"href":"https:\/\/www.madamegrizzly.com\/index.php\/wp-json\/wp\/v2\/types\/product"}],"wp:featuredmedia":[{"embeddable":true,"href":"https:\/\/www.madamegrizzly.com\/index.php\/wp-json\/wp\/v2\/media\/4292"}],"wp:attachment":[{"href":"https:\/\/www.madamegrizzly.com\/index.php\/wp-json\/wp\/v2\/media?parent=4313"}],"wp:term":[{"taxonomy":"product_brand","embeddable":true,"href":"https:\/\/www.madamegrizzly.com\/index.php\/wp-json\/wp\/v2\/product_brand?post=4313"},{"taxonomy":"product_cat","embeddable":true,"href":"https:\/\/www.madamegrizzly.com\/index.php\/wp-json\/wp\/v2\/product_cat?post=4313"},{"taxonomy":"product_tag","embeddable":true,"href":"https:\/\/www.madamegrizzly.com\/index.php\/wp-json\/wp\/v2\/product_tag?post=4313"}],"curies":[{"name":"wp","href":"https:\/\/api.w.org\/{rel}","templated":true}]}}