{"id":4159,"date":"2018-12-06T17:12:09","date_gmt":"2018-12-06T16:12:09","guid":{"rendered":"https:\/\/www.madamegrizzly.com\/?post_type=product&#038;p=4159"},"modified":"2023-11-10T11:39:50","modified_gmt":"2023-11-10T10:39:50","slug":"12-cartes-etapes-mois-apres-mois","status":"publish","type":"product","link":"https:\/\/www.madamegrizzly.com\/index.php\/produit\/12-cartes-etapes-mois-apres-mois\/","title":{"rendered":"12 Cartes \u00e9tapes \u00ab\u00a0Mois apr\u00e8s mois\u00a0\u00bb"},"content":{"rendered":"<p>12 Cartes \u00e9tapes \u00ab\u00a0Mois apr\u00e8s mois\u00a0\u00bb illustr\u00e9es pour suivre l&rsquo;\u00e9volution et garder un joli souvenir de la premi\u00e8re ann\u00e9e de b\u00e9b\u00e9, avec ses premi\u00e8res d\u00e9couvertes et aventures \u00e0 noter au dos de chaque carte.<br \/>\nIllustrations diff\u00e9rentes chaque mois, espace de notes au verso.<br \/>\nImprim\u00e9e sur papier recycl\u00e9 300 gr<br \/>\nDimensions : 15 cm x 10 cm<br \/>\nFournie dans une bo\u00eete \u00ab\u00a0kraft\u00a0\u00bb<\/p>\n<p>&nbsp;<\/p>\n<p>&nbsp;<\/p>\n","protected":false},"excerpt":{"rendered":"<h1 class=\"grve-title clearfix animate-fade-in\">12 CARTES ETAPES<\/h1>\n<h3 class=\"grve-title clearfix animate-fade-in\">\u00ab\u00a0MOIS APRES MOIS\u00a0\u00bb<\/h3>\n<p>12 Cartes illustr\u00e9es et espace de notes au verso<br \/>\nImprim\u00e9es sur papier recycl\u00e9 300 gr<br \/>\nDimensions : 15 cm x 10 cm<\/p>\n","protected":false},"featured_media":4160,"template":"","meta":[],"product_brand":[],"product_cat":[433,19],"product_tag":[256,213,255,252,203,258,149,257],"class_list":{"0":"post-4159","1":"product","2":"type-product","3":"status-publish","4":"has-post-thumbnail","6":"product_cat-carte-postale","7":"product_cat-papeterie-et-decoration","8":"product_tag-bebe","9":"product_tag-carte-postale","10":"product_tag-cartes-etapes","11":"product_tag-decoration","12":"product_tag-illustration","13":"product_tag-mois-par-mois","14":"product_tag-naissance","15":"product_tag-premiere-annee","17":"first","18":"instock","19":"taxable","20":"shipping-taxable","21":"purchasable","22":"product-type-simple"},"_links":{"self":[{"href":"https:\/\/www.madamegrizzly.com\/index.php\/wp-json\/wp\/v2\/product\/4159","targetHints":{"allow":["GET"]}}],"collection":[{"href":"https:\/\/www.madamegrizzly.com\/index.php\/wp-json\/wp\/v2\/product"}],"about":[{"href":"https:\/\/www.madamegrizzly.com\/index.php\/wp-json\/wp\/v2\/types\/product"}],"wp:featuredmedia":[{"embeddable":true,"href":"https:\/\/www.madamegrizzly.com\/index.php\/wp-json\/wp\/v2\/media\/4160"}],"wp:attachment":[{"href":"https:\/\/www.madamegrizzly.com\/index.php\/wp-json\/wp\/v2\/media?parent=4159"}],"wp:term":[{"taxonomy":"product_brand","embeddable":true,"href":"https:\/\/www.madamegrizzly.com\/index.php\/wp-json\/wp\/v2\/product_brand?post=4159"},{"taxonomy":"product_cat","embeddable":true,"href":"https:\/\/www.madamegrizzly.com\/index.php\/wp-json\/wp\/v2\/product_cat?post=4159"},{"taxonomy":"product_tag","embeddable":true,"href":"https:\/\/www.madamegrizzly.com\/index.php\/wp-json\/wp\/v2\/product_tag?post=4159"}],"curies":[{"name":"wp","href":"https:\/\/api.w.org\/{rel}","templated":true}]}}