{"id":3938,"date":"2018-06-25T16:53:30","date_gmt":"2018-06-25T14:53:30","guid":{"rendered":"https:\/\/www.madamegrizzly.com\/?post_type=product&#038;p=3938"},"modified":"2018-06-25T16:56:03","modified_gmt":"2018-06-25T14:56:03","slug":"badge-sur-la-banquise","status":"publish","type":"product","link":"https:\/\/www.madamegrizzly.com\/index.php\/produit\/badge-sur-la-banquise\/","title":{"rendered":"Badge \u00ab\u00a0Sur la Banquise\u00a0\u00bb"},"content":{"rendered":"<p>Badge \u00e0 \u00e9pingle \u00e0 ajouter au faire-part de naissance \u00ab\u00a0Pin&rsquo;it n\u00b01 ou 2\u00a0\u00bb, ou au faire-part de naissance \u00ab\u00a0Sur la Banquise\u00a0\u00bb, pr\u00e9alablement perfor\u00e9.<br \/>\nFinition matte, effet \u00ab\u00a0Soft Touch\u00a0\u00bb<br \/>\nDiam\u00e8tre : 3,8 cm<br \/>\nFabriqu\u00e9 en Belgique<\/p>\n<p>&nbsp;<\/p>\n<p>&nbsp;<\/p>\n","protected":false},"excerpt":{"rendered":"<h1 class=\"grve-title clearfix animate-fade-in\">BADGE \u00ab\u00a0SUR LA BANQUISE\u00a0\u00bb<\/h1>\n<p>Badge \u00e0 \u00e9pingle \u00e0 ajouter au faire-part de naissance<br \/>\n\u00ab\u00a0Pin&rsquo;it n\u00b01\u00a0\u00bb et \u00ab\u00a0Pin&rsquo;it n\u00b02\u00a0\u00bb.<br \/>\nFinition matte, effet \u00ab\u00a0Soft Touch\u00a0\u00bb<br \/>\nDiam\u00e8tre : 3,8 cm<\/p>\n","protected":false},"featured_media":3513,"template":"","meta":[],"product_brand":[],"product_cat":[40,165],"product_tag":[172,179,148,194,149,176,180],"class_list":{"0":"post-3938","1":"product","2":"type-product","3":"status-publish","4":"has-post-thumbnail","6":"product_cat-pinit2","7":"product_cat-surlabanquise","8":"product_tag-badge","9":"product_tag-banquise","10":"product_tag-faire-part-de-naissance","11":"product_tag-iceberg","12":"product_tag-naissance","13":"product_tag-pingouin","14":"product_tag-polar","16":"first","17":"instock","18":"taxable","19":"shipping-taxable","20":"purchasable","21":"product-type-variable"},"_links":{"self":[{"href":"https:\/\/www.madamegrizzly.com\/index.php\/wp-json\/wp\/v2\/product\/3938","targetHints":{"allow":["GET"]}}],"collection":[{"href":"https:\/\/www.madamegrizzly.com\/index.php\/wp-json\/wp\/v2\/product"}],"about":[{"href":"https:\/\/www.madamegrizzly.com\/index.php\/wp-json\/wp\/v2\/types\/product"}],"wp:featuredmedia":[{"embeddable":true,"href":"https:\/\/www.madamegrizzly.com\/index.php\/wp-json\/wp\/v2\/media\/3513"}],"wp:attachment":[{"href":"https:\/\/www.madamegrizzly.com\/index.php\/wp-json\/wp\/v2\/media?parent=3938"}],"wp:term":[{"taxonomy":"product_brand","embeddable":true,"href":"https:\/\/www.madamegrizzly.com\/index.php\/wp-json\/wp\/v2\/product_brand?post=3938"},{"taxonomy":"product_cat","embeddable":true,"href":"https:\/\/www.madamegrizzly.com\/index.php\/wp-json\/wp\/v2\/product_cat?post=3938"},{"taxonomy":"product_tag","embeddable":true,"href":"https:\/\/www.madamegrizzly.com\/index.php\/wp-json\/wp\/v2\/product_tag?post=3938"}],"curies":[{"name":"wp","href":"https:\/\/api.w.org\/{rel}","templated":true}]}}