{"id":3926,"date":"2018-06-25T16:49:31","date_gmt":"2018-06-25T14:49:31","guid":{"rendered":"https:\/\/www.madamegrizzly.com\/?post_type=product&#038;p=3926"},"modified":"2018-06-25T16:51:31","modified_gmt":"2018-06-25T14:51:31","slug":"badge-marmotte","status":"publish","type":"product","link":"https:\/\/www.madamegrizzly.com\/index.php\/produit\/badge-marmotte\/","title":{"rendered":"Badge \u00ab\u00a0Marmotte\u00a0\u00bb"},"content":{"rendered":"<p>Badge \u00e0 \u00e9pingle \u00e0 ajouter au faire-part de naissance \u00ab\u00a0Pin&rsquo;it n\u00b01 ou 2\u00a0\u00bb, ou au faire-part de naissance \u00ab\u00a0Marmotte\u00a0\u00bb, pr\u00e9alablement perfor\u00e9.<br \/>\nFinition matte, effet \u00ab\u00a0Soft Touch\u00a0\u00bb<br \/>\nDiam\u00e8tre : 3,8 cm<br \/>\nFabriqu\u00e9 en Belgique<\/p>\n<p>&nbsp;<\/p>\n<p>&nbsp;<\/p>\n","protected":false},"excerpt":{"rendered":"<h1 class=\"grve-title clearfix animate-fade-in\">BADGE \u00ab\u00a0MARMOTTE\u00a0\u00bb<\/h1>\n<p>Badge \u00e0 \u00e9pingle \u00e0 ajouter au faire-part de naissance<br \/>\n\u00ab\u00a0Pin&rsquo;it n\u00b01\u00a0\u00bb et \u00ab\u00a0Pin&rsquo;it n\u00b02\u00a0\u00bb.<br \/>\nFinition matte, effet \u00ab\u00a0Soft Touch\u00a0\u00bb<br \/>\nDiam\u00e8tre : 3,8 cm<\/p>\n","protected":false},"featured_media":3511,"template":"","meta":[],"product_brand":[],"product_cat":[170,39,40],"product_tag":[172,148,190,191,149],"class_list":{"0":"post-3926","1":"product","2":"type-product","3":"status-publish","4":"has-post-thumbnail","6":"product_cat-marmotte","7":"product_cat-pinit","8":"product_cat-pinit2","9":"product_tag-badge","10":"product_tag-faire-part-de-naissance","11":"product_tag-marmotte","12":"product_tag-montagne","13":"product_tag-naissance","15":"first","16":"instock","17":"taxable","18":"shipping-taxable","19":"purchasable","20":"product-type-variable"},"_links":{"self":[{"href":"https:\/\/www.madamegrizzly.com\/index.php\/wp-json\/wp\/v2\/product\/3926","targetHints":{"allow":["GET"]}}],"collection":[{"href":"https:\/\/www.madamegrizzly.com\/index.php\/wp-json\/wp\/v2\/product"}],"about":[{"href":"https:\/\/www.madamegrizzly.com\/index.php\/wp-json\/wp\/v2\/types\/product"}],"wp:featuredmedia":[{"embeddable":true,"href":"https:\/\/www.madamegrizzly.com\/index.php\/wp-json\/wp\/v2\/media\/3511"}],"wp:attachment":[{"href":"https:\/\/www.madamegrizzly.com\/index.php\/wp-json\/wp\/v2\/media?parent=3926"}],"wp:term":[{"taxonomy":"product_brand","embeddable":true,"href":"https:\/\/www.madamegrizzly.com\/index.php\/wp-json\/wp\/v2\/product_brand?post=3926"},{"taxonomy":"product_cat","embeddable":true,"href":"https:\/\/www.madamegrizzly.com\/index.php\/wp-json\/wp\/v2\/product_cat?post=3926"},{"taxonomy":"product_tag","embeddable":true,"href":"https:\/\/www.madamegrizzly.com\/index.php\/wp-json\/wp\/v2\/product_tag?post=3926"}],"curies":[{"name":"wp","href":"https:\/\/api.w.org\/{rel}","templated":true}]}}