{"id":2804,"date":"2017-08-29T14:43:29","date_gmt":"2017-08-29T12:43:29","guid":{"rendered":"http:\/\/www.madamegrizzly.com\/site\/?post_type=product&#038;p=2804"},"modified":"2018-05-31T18:23:17","modified_gmt":"2018-05-31T16:23:17","slug":"badge-tipi","status":"publish","type":"product","link":"https:\/\/www.madamegrizzly.com\/index.php\/produit\/badge-tipi\/","title":{"rendered":"Badge \u00ab\u00a0Tipi\u00a0\u00bb"},"content":{"rendered":"<p>Badge \u00e0 \u00e9pingle \u00e0 ajouter au faire-part de naissance \u00ab\u00a0Pin&rsquo;it n\u00b01\u00a0\u00bb ou \u00ab\u00a0Pin&rsquo;it n\u00b02\u00a0\u00bb, pr\u00e9alablement perfor\u00e9.<br \/>\nFinition matte, effet \u00ab\u00a0Soft Touch\u00a0\u00bb<br \/>\nDiam\u00e8tre : 3,2 cm<br \/>\nFabriqu\u00e9 en Belgique<\/p>\n<p>&nbsp;<\/p>\n<p>&nbsp;<\/p>\n","protected":false},"excerpt":{"rendered":"<h1 class=\"grve-title clearfix animate-fade-in\">BADGE \u00ab\u00a0TIPI\u00a0\u00bb<\/h1>\n<p>Badge \u00e0 \u00e9pingle \u00e0 ajouter au faire-part de naissance<br \/>\n\u00ab\u00a0Pin&rsquo;it n\u00b01\u00a0\u00bb et \u00ab\u00a0Pin&rsquo;it n\u00b02\u00a0\u00bb.<br \/>\nFinition matte, effet \u00ab\u00a0Soft Touch\u00a0\u00bb<br \/>\nDiam\u00e8tre : 3,2 cm<\/p>\n","protected":false},"featured_media":2773,"template":"","meta":[],"product_brand":[],"product_cat":[41,39,40],"product_tag":[],"class_list":{"0":"post-2804","1":"product","2":"type-product","3":"status-publish","4":"has-post-thumbnail","6":"product_cat-indianspirit","7":"product_cat-pinit","8":"product_cat-pinit2","10":"first","11":"instock","12":"taxable","13":"shipping-taxable","14":"purchasable","15":"product-type-variable"},"_links":{"self":[{"href":"https:\/\/www.madamegrizzly.com\/index.php\/wp-json\/wp\/v2\/product\/2804","targetHints":{"allow":["GET"]}}],"collection":[{"href":"https:\/\/www.madamegrizzly.com\/index.php\/wp-json\/wp\/v2\/product"}],"about":[{"href":"https:\/\/www.madamegrizzly.com\/index.php\/wp-json\/wp\/v2\/types\/product"}],"wp:featuredmedia":[{"embeddable":true,"href":"https:\/\/www.madamegrizzly.com\/index.php\/wp-json\/wp\/v2\/media\/2773"}],"wp:attachment":[{"href":"https:\/\/www.madamegrizzly.com\/index.php\/wp-json\/wp\/v2\/media?parent=2804"}],"wp:term":[{"taxonomy":"product_brand","embeddable":true,"href":"https:\/\/www.madamegrizzly.com\/index.php\/wp-json\/wp\/v2\/product_brand?post=2804"},{"taxonomy":"product_cat","embeddable":true,"href":"https:\/\/www.madamegrizzly.com\/index.php\/wp-json\/wp\/v2\/product_cat?post=2804"},{"taxonomy":"product_tag","embeddable":true,"href":"https:\/\/www.madamegrizzly.com\/index.php\/wp-json\/wp\/v2\/product_tag?post=2804"}],"curies":[{"name":"wp","href":"https:\/\/api.w.org\/{rel}","templated":true}]}}