{"id":2598,"date":"2017-08-26T10:51:15","date_gmt":"2017-08-26T08:51:15","guid":{"rendered":"http:\/\/www.madamegrizzly.com\/site\/?post_type=product&#038;p=2598"},"modified":"2022-08-23T14:06:24","modified_gmt":"2022-08-23T12:06:24","slug":"tampon-les-baleines","status":"publish","type":"product","link":"https:\/\/www.madamegrizzly.com\/index.php\/produit\/tampon-les-baleines\/","title":{"rendered":"Tampon \u00ab\u00a0Les Baleines\u00a0\u00bb"},"content":{"rendered":"<p>La papeterie \u00ab\u00a0<strong>Naissance<\/strong>\u00a0\u00bb vous permet d&rsquo;annoncer l&rsquo;arriv\u00e9e de votre enfant de fa\u00e7on originale et personnalis\u00e9e !<br \/>\nElle se d\u00e9cline sur diff\u00e9rents supports pour cr\u00e9er une harmonie parfaite : <strong>faire-part, remerciement, stickers, tampon, badge ou \u00e9tiquette<\/strong>.<\/p>\n<p>Le tampon \u00a0sur son support en bois compl\u00e8te la collection \u00ab\u00a0<strong>Les Baleines<\/strong>\u00a0\u00bb et ajoutera \u00e0 votre faire-part ou \u00e0 vos enveloppes, une touche personnalis\u00e9e !<\/p>\n<p>Le d\u00e9lai de fabrication est de 8 \u00e0 10 jours. Vous recevez votre commande chez vous (pour en savoir plus sur les d\u00e9lais, rendez-vous sur <a href=\"https:\/\/www.madamegrizzly.com\/index.php\/faire-part-comment-ca-marche\/\">Comment \u00e7a marche?<\/a>).<\/p>\n<p>&nbsp;<\/p>\n<p>&nbsp;<\/p>\n","protected":false},"excerpt":{"rendered":"<h1 class=\"grve-title clearfix animate-fade-in\">TAMPON<\/h1>\n<h3 class=\"grve-title clearfix animate-fade-in\">\u00ab\u00a0LES BALEINES\u00a0\u00bb<\/h3>\n<p>Veuillez s\u00e9lectionner le nombre d&rsquo;exemplaires et encodez ensuite votre texte personnalis\u00e9. Une fois votre commande confirm\u00e9e, vous recevrez un projet \u00e0 valider.<\/p>\n<p>Dimensions : 5 x 5 cm<br \/>\nFabriqu\u00e9 en Belgique<\/p>\n","protected":false},"featured_media":2571,"template":"","meta":[],"product_brand":[],"product_cat":[46],"product_tag":[],"class_list":{"0":"post-2598","1":"product","2":"type-product","3":"status-publish","4":"has-post-thumbnail","6":"product_cat-lesbaleines","8":"first","9":"instock","10":"taxable","11":"shipping-taxable","12":"purchasable","13":"product-type-simple"},"_links":{"self":[{"href":"https:\/\/www.madamegrizzly.com\/index.php\/wp-json\/wp\/v2\/product\/2598","targetHints":{"allow":["GET"]}}],"collection":[{"href":"https:\/\/www.madamegrizzly.com\/index.php\/wp-json\/wp\/v2\/product"}],"about":[{"href":"https:\/\/www.madamegrizzly.com\/index.php\/wp-json\/wp\/v2\/types\/product"}],"wp:featuredmedia":[{"embeddable":true,"href":"https:\/\/www.madamegrizzly.com\/index.php\/wp-json\/wp\/v2\/media\/2571"}],"wp:attachment":[{"href":"https:\/\/www.madamegrizzly.com\/index.php\/wp-json\/wp\/v2\/media?parent=2598"}],"wp:term":[{"taxonomy":"product_brand","embeddable":true,"href":"https:\/\/www.madamegrizzly.com\/index.php\/wp-json\/wp\/v2\/product_brand?post=2598"},{"taxonomy":"product_cat","embeddable":true,"href":"https:\/\/www.madamegrizzly.com\/index.php\/wp-json\/wp\/v2\/product_cat?post=2598"},{"taxonomy":"product_tag","embeddable":true,"href":"https:\/\/www.madamegrizzly.com\/index.php\/wp-json\/wp\/v2\/product_tag?post=2598"}],"curies":[{"name":"wp","href":"https:\/\/api.w.org\/{rel}","templated":true}]}}