{"id":2205,"date":"2017-08-22T20:16:48","date_gmt":"2017-08-22T18:16:48","guid":{"rendered":"http:\/\/www.madamegrizzly.com\/site\/?post_type=product&#038;p=2205"},"modified":"2017-08-30T09:06:24","modified_gmt":"2017-08-30T07:06:24","slug":"hello-en-bois","status":"publish","type":"product","link":"https:\/\/www.madamegrizzly.com\/index.php\/produit\/hello-en-bois\/","title":{"rendered":"\u00ab\u00a0Hello\u00a0\u00bb en bois"},"content":{"rendered":"<p>El\u00e9ment grav\u00e9 en bois \u00ab\u00a0Hello\u00a0\u00bb \u00e0 ajouter au faire-part de naissance, gr\u00e2ce \u00e0 une pastille autocollante double-face<br \/>\nDimensions : 3,2 x 2,6 cm &#8211; Epaisseur : 3 mm<br \/>\nFabriqu\u00e9 en Belgique<\/p>\n<p>&nbsp;<\/p>\n<p>&nbsp;<\/p>\n","protected":false},"excerpt":{"rendered":"<h1 class=\"grve-title clearfix animate-fade-in\">\u00ab\u00a0HELLO\u00a0\u00bb EN BOIS<\/h1>\n<p>El\u00e9ment grav\u00e9 en bois \u00ab\u00a0Hello\u00a0\u00bb \u00e0 ajouter au faire-part de naissance, gr\u00e2ce \u00e0 une pastille autocollante double-face<br \/>\nDimensions : 3,2 x 2,6 cm &#8211; Epaisseur : 3 mm<br \/>\nFabriqu\u00e9 en Belgique<\/p>\n","protected":false},"featured_media":2132,"template":"","meta":[],"product_brand":[],"product_cat":[45,46,47],"product_tag":[],"class_list":{"0":"post-2205","1":"product","2":"type-product","3":"status-publish","4":"has-post-thumbnail","6":"product_cat-commeunpoisson","7":"product_cat-lesbaleines","8":"product_cat-pommepommegirl","10":"first","11":"instock","12":"taxable","13":"shipping-taxable","14":"purchasable","15":"product-type-simple"},"_links":{"self":[{"href":"https:\/\/www.madamegrizzly.com\/index.php\/wp-json\/wp\/v2\/product\/2205","targetHints":{"allow":["GET"]}}],"collection":[{"href":"https:\/\/www.madamegrizzly.com\/index.php\/wp-json\/wp\/v2\/product"}],"about":[{"href":"https:\/\/www.madamegrizzly.com\/index.php\/wp-json\/wp\/v2\/types\/product"}],"wp:featuredmedia":[{"embeddable":true,"href":"https:\/\/www.madamegrizzly.com\/index.php\/wp-json\/wp\/v2\/media\/2132"}],"wp:attachment":[{"href":"https:\/\/www.madamegrizzly.com\/index.php\/wp-json\/wp\/v2\/media?parent=2205"}],"wp:term":[{"taxonomy":"product_brand","embeddable":true,"href":"https:\/\/www.madamegrizzly.com\/index.php\/wp-json\/wp\/v2\/product_brand?post=2205"},{"taxonomy":"product_cat","embeddable":true,"href":"https:\/\/www.madamegrizzly.com\/index.php\/wp-json\/wp\/v2\/product_cat?post=2205"},{"taxonomy":"product_tag","embeddable":true,"href":"https:\/\/www.madamegrizzly.com\/index.php\/wp-json\/wp\/v2\/product_tag?post=2205"}],"curies":[{"name":"wp","href":"https:\/\/api.w.org\/{rel}","templated":true}]}}