{"id":751,"date":"2017-07-04T20:28:55","date_gmt":"2017-07-04T18:28:55","guid":{"rendered":"http:\/\/www.madamegrizzly.com\/site\/?page_id=751"},"modified":"2022-08-25T15:29:58","modified_gmt":"2022-08-25T13:29:58","slug":"faire-part-comment-ca-marche","status":"publish","type":"page","link":"https:\/\/www.madamegrizzly.com\/index.php\/faire-part-comment-ca-marche\/","title":{"rendered":"Faire-part de naissance comment \u00e7a marche"},"content":{"rendered":"<p>[vc_row css=\u00a0\u00bb.vc_custom_1650545775679{padding-right: 0px !important;padding-left: 0px !important;}\u00a0\u00bb][vc_column][vc_separator css=\u00a0\u00bb.vc_custom_1650545137806{margin-bottom: 40px !important;}\u00a0\u00bb][vc_column_text css=\u00a0\u00bb.vc_custom_1650545865493{margin-top: 60px !important;padding-bottom: 160px !important;}\u00a0\u00bb]<\/p>\n<h3 style=\"text-align: center;\"><span style=\"font-size: 12px; text-transform: uppercase; letter-spacing: 0.3em;\">1 faire-part, 3 possibilit\u00e9s !<\/span><\/h3>\n<h1 style=\"text-align: center;\">Les faire-part de naissance<\/h1>\n<p>[\/vc_column_text][\/vc_column][\/vc_row][vc_row gap=\u00a0\u00bb20&Prime; css=\u00a0\u00bb.vc_custom_1651155133144{margin-bottom: 60px !important;padding-right: 0px !important;padding-left: 0px !important;}\u00a0\u00bb][vc_column width=\u00a0\u00bb1\/3&Prime; css=\u00a0\u00bb.vc_custom_1651155114276{margin-bottom: 60px !important;border-radius: 1px !important;}\u00a0\u00bb custom_border_radius=\u00a0\u00bb10&Prime; el_class=\u00a0\u00bbcadre\u00a0\u00bb responsive_align=\u00a0\u00bbtext-center\u00a0\u00bb]<style>.ld_icon_box_69e1d21689317 .iconbox-icon-container{color:rgb(255, 255, 255);font-size:30px;background:rgb(215, 173, 160);border-radius:px;}.ld_icon_box_69e1d21689317 .iconbox-icon-container:before{border-color:rgb(215, 173, 160);}.ld_icon_box_69e1d21689317 .lqd-iconbox-title{margin-bottom:px;}<\/style>\n<div class=\"iconbox text-align-default iconbox-circle iconbox-sm iconbox-icon-ripple ld_icon_box_69e1d21689317\" id=\"ld_icon_box_69e1d21689317\"  data-animate-icon=\"true\" data-plugin-options='{\"color\":\"rgb(255, 255, 255)\"}'  >\n\t\n\t\t\t\t\t\n\t\n\t<div class=\"iconbox-icon-wrap\"><span class=\"iconbox-icon-container\"><i class=\"lqd-icn-ess icon-num-1\"><\/i><\/span><\/div>\t\n\t\t\n\t\t\n\t\t\n\t\t\t\t\n\t\t\n\t\n<\/div>\n[vc_column_text css=\u00a0\u00bb.vc_custom_1650528815452{padding-right: 30px !important;padding-left: 30px !important;}\u00a0\u00bb]<\/p>\n<h3 style=\"text-align: center;\">Mod\u00e8le<\/h3>\n<p style=\"text-align: center;\">Je choisis un mod\u00e8le dans la collection de faire-part de naissance sur le site, et nous le personnalisons avec les informations que vous nous transmettez (pr\u00e9nom, texte, coordonn\u00e9es).<\/p>\n<p>[\/vc_column_text][vc_column_text css=\u00a0\u00bb.vc_custom_1650528920034{padding-top: 60px !important;padding-right: 30px !important;padding-left: 30px !important;}\u00a0\u00bb]<\/p>\n<p style=\"text-align: center;\"><span style=\"font-size: 18px;\">A partir de 149 \u20ac<\/span><br \/>\n<span style=\"font-size: 18px;\">pour 75 exemplaires*<\/span><\/p>\n<p>[\/vc_column_text]<a href=\"https:\/\/www.madamegrizzly.com\/index.php\/faire-part-de-naissance\/\" title=\"Faire-part de naissance\" class=\"btn btn-underlined border-thin btn-has-label ld_button_69e1d2168a61e vc_custom_1661434195017\" >\n\t<span>\n\t\n\t\t\t\t\t<span class=\"btn-txt\" data-text=\"Voir les mod\u00e8les\" >Voir les mod\u00e8les<\/span>\n\t\t\n\t\t\t\t\t<\/span>\n<\/a>\n[\/vc_column][vc_column width=\u00a0\u00bb1\/3&Prime; el_class=\u00a0\u00bbcadre\u00a0\u00bb responsive_align=\u00a0\u00bbtext-center\u00a0\u00bb css=\u00a0\u00bb.vc_custom_1651155120081{margin-bottom: 60px !important;}\u00a0\u00bb]<style>.ld_icon_box_69e1d2168b389 .iconbox-icon-container{color:rgb(255, 255, 255);font-size:30px;background:rgb(215, 173, 160);border-radius:px;}.ld_icon_box_69e1d2168b389 .iconbox-icon-container:before{border-color:rgb(215, 173, 160);}.ld_icon_box_69e1d2168b389 .lqd-iconbox-title{margin-bottom:px;}<\/style>\n<div class=\"iconbox text-align-default iconbox-circle iconbox-sm iconbox-icon-ripple ld_icon_box_69e1d2168b389\" id=\"ld_icon_box_69e1d2168b389\"  data-animate-icon=\"true\" data-plugin-options='{\"color\":\"rgb(255, 255, 255)\"}'  >\n\t\n\t\t\t\t\t\n\t\n\t<div class=\"iconbox-icon-wrap\"><span class=\"iconbox-icon-container\"><i class=\"lqd-icn-ess icon-num-2\"><\/i><\/span><\/div>\t\n\t\t\n\t\t\n\t\t\n\t\t\t\t\n\t\t\n\t\n<\/div>\n[vc_column_text css=\u00a0\u00bb.vc_custom_1650528851367{padding-right: 30px !important;padding-left: 30px !important;}\u00a0\u00bb]<\/p>\n<h3 style=\"text-align: center;\">Mod\u00e8le adapt\u00e9<\/h3>\n<p style=\"text-align: center;\">Je souhaite partir d\u2019un mod\u00e8le de la collection, mais j\u2019aimerais modifier la couleur, ou la police, ou un \u00e9l\u00e9ment. Nous modifions le mod\u00e8le et le personnalisons avec les informations que vous nous transmettez (pr\u00e9nom, texte, coordonn\u00e9es).<\/p>\n<p>[\/vc_column_text][vc_column_text css=\u00a0\u00bb.vc_custom_1651150731947{margin-top: 40px !important;padding-right: 30px !important;padding-left: 30px !important;}\u00a0\u00bb]<\/p>\n<p style=\"text-align: center;\"><span style=\"font-size: 18px;\">A partir de 179 \u20ac<\/span><br \/>\n<span style=\"font-size: 18px;\">pour 75 exemplaires*<\/span><\/p>\n<p>[\/vc_column_text]<a href=\"\/index.php\/faire-part-de-naissance\/\" class=\"btn btn-underlined border-thin btn-has-label ld_button_69e1d2168bd8b vc_custom_1661433140939\" >\n\t<span>\n\t\n\t\t\t\t\t<span class=\"btn-txt\" data-text=\"Voir les mod\u00e8les\" >Voir les mod\u00e8les<\/span>\n\t\t\n\t\t\t\t\t<\/span>\n<\/a>\n[\/vc_column][vc_column width=\u00a0\u00bb1\/3&Prime; el_class=\u00a0\u00bbcadre\u00a0\u00bb responsive_align=\u00a0\u00bbtext-center\u00a0\u00bb css=\u00a0\u00bb.vc_custom_1651155126033{margin-bottom: 60px !important;}\u00a0\u00bb]<style>.ld_icon_box_69e1d2168c8c9 .iconbox-icon-container{color:rgb(255, 255, 255);font-size:30px;background:rgb(215, 173, 160);border-radius:px;}.ld_icon_box_69e1d2168c8c9 .iconbox-icon-container:before{border-color:rgb(215, 173, 160);}.ld_icon_box_69e1d2168c8c9 .lqd-iconbox-title{margin-bottom:px;}<\/style>\n<div class=\"iconbox text-align-default iconbox-circle iconbox-sm iconbox-icon-ripple ld_icon_box_69e1d2168c8c9\" id=\"ld_icon_box_69e1d2168c8c9\"  data-animate-icon=\"true\" data-plugin-options='{\"color\":\"rgb(255, 255, 255)\"}'  >\n\t\n\t\t\t\t\t\n\t\n\t<div class=\"iconbox-icon-wrap\"><span class=\"iconbox-icon-container\"><i class=\"lqd-icn-ess icon-num-3\"><\/i><\/span><\/div>\t\n\t\t\n\t\t\n\t\t\n\t\t\t\t\n\t\t\n\t\n<\/div>\n[vc_column_text css=\u00a0\u00bb.vc_custom_1650528862896{border-left-width: 30px !important;padding-right: 30px !important;}\u00a0\u00bb]<\/p>\n<h3 style=\"text-align: center;\">Sur mesure<\/h3>\n<p style=\"text-align: center;\">Je souhaite un mod\u00e8le unique, cr\u00e9\u00e9 sur mesure. Apr\u00e8s un briefing o\u00f9 vous nous exposez vos attentes, nous cr\u00e9ons un projet sur mesure que nous vous soumettons.<\/p>\n<p>[\/vc_column_text][vc_column_text css=\u00a0\u00bb.vc_custom_1650528932188{border-left-width: 30px !important;padding-top: 60px !important;padding-right: 30px !important;}\u00a0\u00bb]<\/p>\n<p style=\"text-align: center;\"><span style=\"font-size: 18px;\">A partir de 270 \u20ac<\/span><br \/>\n<span style=\"font-size: 18px;\">pour 75 exemplaires*<\/span><\/p>\n<p>[\/vc_column_text]<a href=\"https:\/\/www.madamegrizzly.com\/index.php\/contacter-madame-grizzly\/\" title=\"Contactez Madame Grizzly\" class=\"btn btn-underlined border-thin btn-has-label ld_button_69e1d2168d557 vc_custom_1651003957555\" >\n\t<span>\n\t\n\t\t\t\t\t<span class=\"btn-txt\" data-text=\"Contactez-nous\" >Contactez-nous<\/span>\n\t\t\n\t\t\t\t\t<\/span>\n<\/a>\n[\/vc_column][\/vc_row][vc_row equal_height=\u00a0\u00bbyes\u00a0\u00bb css=\u00a0\u00bb.vc_custom_1650544922612{margin-top: 0px !important;margin-right: 0px !important;margin-bottom: 0px !important;margin-left: 0px !important;padding-top: 0px !important;padding-right: 0px !important;padding-bottom: 0px !important;padding-left: 0px !important;}\u00a0\u00bb][vc_column width=\u00a0\u00bb2\/3&Prime; css=\u00a0\u00bb.vc_custom_1649142730929{margin-bottom: 0px !important;}\u00a0\u00bb][vc_single_image image=\u00a0\u00bb6013&Prime; css=\u00a0\u00bb.vc_custom_1650543128634{margin-bottom: 0px !important;}\u00a0\u00bb][\/vc_column][vc_column column_content_align=\u00a0\u00bbjustify-content-center\u00a0\u00bb width=\u00a0\u00bb1\/3&Prime; css=\u00a0\u00bb.vc_custom_1650544992673{padding-right: 60px !important;padding-left: 60px !important;background-color: #e7e4de !important;}\u00a0\u00bb][vc_column_text css=\u00a0\u00bb.vc_custom_1650544960265{padding-top: 40px !important;padding-bottom: 40px !important;}\u00a0\u00bb]<\/p>\n<h3 style=\"text-align: center;\">Options<\/h3>\n<p style=\"text-align: center;\">Je souhaite des enveloppes avec le faire-part de naissance :<br \/>\nExistent en kraft ou en blanc, format carr\u00e9 ou 11x16cm.<\/p>\n<p style=\"text-align: center;\"><span style=\"font-size: 18px;\">A partir de 15 \u20ac<\/span><br \/>\n<span style=\"font-size: 18px;\">pour 75 exemplaires*<\/span><\/p>\n<p>[\/vc_column_text][\/vc_column][\/vc_row][vc_row full_width=\u00a0\u00bbstretch_row\u00a0\u00bb css=\u00a0\u00bb.vc_custom_1651750540210{margin-top: 40px !important;margin-bottom: 120px !important;}\u00a0\u00bb][vc_column column_content_align=\u00a0\u00bbjustify-content-start\u00a0\u00bb width=\u00a0\u00bb1\/6&Prime;][\/vc_column][vc_column column_content_align=\u00a0\u00bbjustify-content-center\u00a0\u00bb width=\u00a0\u00bb2\/3&Prime;][vc_column_text css=\u00a0\u00bb.vc_custom_1651749855620{padding-top: 40px !important;padding-bottom: 40px !important;}\u00a0\u00bb]<\/p>\n<h3 style=\"text-align: center;\">Le choix du papier et l&rsquo;impression<\/h3>\n<p>[\/vc_column_text][vc_column_text]<\/p>\n<p style=\"text-align: center;\">Les faire-part sont imprim\u00e9s dans une imprimerie li\u00e9geoise, en impression digitale. Ceci permet de proposer des prix attractifs pour un nombre d\u2019exemplaires limit\u00e9, tout en misant sur la qualit\u00e9. Il y a 3 types de papier :<\/p>\n<p style=\"text-align: center;\">Le papier lisse mat\u00a0: papier cartonn\u00e9 blanc pour un aspect classique mais de qualit\u00e9 \u00e0 un prix attractif.<\/p>\n<p style=\"text-align: center;\">Le papier recycl\u00e9 : papier coup de c\u0153ur cartonn\u00e9 recycl\u00e9 \u00e0 base de ma\u00efs, qui lui conf\u00e8re un ton blanc chaud, avec une texture tr\u00e8s l\u00e9g\u00e8rement mouchet\u00e9e. Ce papier est chaleureux, \u00e9coresponsable et am\u00e8ne une touche d\u2019originalit\u00e9.<\/p>\n<p style=\"text-align: center;\">Le papier structur\u00e9\u00a0: papier cartonn\u00e9 blanc avec une structure lign\u00e9e qui apporte du relief au faire-part.<\/p>\n<p>[\/vc_column_text][vc_column_text]<\/p>\n<p style=\"text-align: center;\"><span style=\"font-size: 12px;\">*Les prix varient selon le format, le nombre d\u2019exemplaires et le papier choisi.<br \/>\nVous pouvez calculer le prix sur le configurateur du site pour les \u00abmod\u00e8les\u00bb.<\/span><br \/>\n<span style=\"font-size: 12px;\">Les prix pour les \u00abmod\u00e8les adapt\u00e9s\u00bb et les \u00absur-mesure\u00bb sont envoy\u00e9s sur demande.<\/span><br \/>\n<span style=\"font-size: 12px;\">Les prix affich\u00e9s pour les faire-part de naissance sont TVAC. Hors frais d\u2019envoi.<\/span><\/p>\n<p>[\/vc_column_text][\/vc_column][vc_column width=\u00a0\u00bb1\/6&Prime;][\/vc_column][\/vc_row][vc_row css=\u00a0\u00bb.vc_custom_1650543037876{margin-bottom: 120px !important;padding-top: 40px !important;padding-right: 0px !important;padding-bottom: 90px !important;padding-left: 0px !important;background-color: #eddcd2 !important;}\u00a0\u00bb][vc_column][vc_column_text css=\u00a0\u00bb.vc_custom_1650542966901{padding-top: 40px !important;padding-bottom: 40px !important;}\u00a0\u00bb]<\/p>\n<h3 style=\"text-align: center;\">Le jour J<\/h3>\n<p>[\/vc_column_text][vc_row_inner gap=\u00a0\u00bb5&Prime; css=\u00a0\u00bb.vc_custom_1650542894753{padding-right: 40px !important;padding-left: 40px !important;}\u00a0\u00bb][vc_column_inner width=\u00a0\u00bb1\/4&Prime; responsive_align=\u00a0\u00bbtext-center\u00a0\u00bb][vc_single_image image=\u00a0\u00bb5960&Prime; img_size=\u00a0\u00bb100&#215;100&Prime;][vc_column_text css=\u00a0\u00bb.vc_custom_1649141970105{padding-right: 30px !important;padding-left: 30px !important;}\u00a0\u00bb]<\/p>\n<p style=\"text-align: center;\">Vous nous envoyez les informations de derni\u00e8re minute (date de naissance, poids, taille) par email \u00e0 <a href=\"mailto:hello@madamegrizzly.com\">hello@madamegrizzly.com<\/a><\/p>\n<p>[\/vc_column_text][\/vc_column_inner][vc_column_inner width=\u00a0\u00bb1\/4&Prime; responsive_align=\u00a0\u00bbtext-center\u00a0\u00bb][vc_single_image image=\u00a0\u00bb5961&Prime; img_size=\u00a0\u00bb100&#215;100&Prime;][vc_column_text css=\u00a0\u00bb.vc_custom_1651575055031{padding-right: 30px !important;padding-left: 30px !important;}\u00a0\u00bb]<\/p>\n<p style=\"text-align: center;\">Nous vous confirmons la r\u00e9ception des informations et proc\u00e9dons \u00e0 la mise \u00e0 jour du faire-part.<\/p>\n<p>[\/vc_column_text][\/vc_column_inner][vc_column_inner width=\u00a0\u00bb1\/4&Prime; responsive_align=\u00a0\u00bbtext-center\u00a0\u00bb][vc_single_image image=\u00a0\u00bb5962&Prime; img_size=\u00a0\u00bb100&#215;100&Prime;][vc_column_text css=\u00a0\u00bb.vc_custom_1649142068285{padding-right: 30px !important;padding-left: 30px !important;}\u00a0\u00bb]<\/p>\n<p style=\"text-align: center;\">Le faire-part est envoy\u00e9 en impression, et est imprim\u00e9 dans les 24 \u00e0 48h (sauf si week-end ou jour f\u00e9ri\u00e9).<\/p>\n<p>[\/vc_column_text][\/vc_column_inner][vc_column_inner width=\u00a0\u00bb1\/4&Prime; responsive_align=\u00a0\u00bbtext-center\u00a0\u00bb][vc_single_image image=\u00a0\u00bb5963&Prime; img_size=\u00a0\u00bb100&#215;100&Prime;][vc_column_text css=\u00a0\u00bb.vc_custom_1650529419464{padding-right: 30px !important;padding-left: 30px !important;}\u00a0\u00bb]<\/p>\n<p style=\"text-align: center;\">Nous vous envoyons le faire-part par la poste (24 \u00e0 48h).<br \/>\nPossibilit\u00e9 de le retirer chez l\u2019imprimeur ou dans nos bureaux (R\u00e9gion li\u00e9geoise).<\/p>\n<p>[\/vc_column_text][\/vc_column_inner][\/vc_row_inner][\/vc_column][\/vc_row][vc_row gap=\u00a0\u00bb0&Prime; equal_height=\u00a0\u00bbyes\u00a0\u00bb css=\u00a0\u00bb.vc_custom_1650543179700{margin-top: 0px !important;margin-right: 0px !important;margin-bottom: 120px !important;margin-left: 0px !important;padding-top: 0px !important;padding-right: 0px !important;padding-bottom: 0px !important;padding-left: 0px !important;}\u00a0\u00bb][vc_column column_content_align=\u00a0\u00bbjustify-content-center\u00a0\u00bb width=\u00a0\u00bb1\/2&Prime; css=\u00a0\u00bb.vc_custom_1649143749899{margin-bottom: 0px !important;}\u00a0\u00bb][vc_column_text css=\u00a0\u00bb.vc_custom_1649144982315{padding-top: 40px !important;padding-bottom: 40px !important;}\u00a0\u00bb]<\/p>\n<h3 style=\"text-align: center;\">Vous souhaitez plus d\u2019informations ?<\/h3>\n<p style=\"text-align: center;\">Vous souhaitez un devis personnalis\u00e9 ?<br \/>\nEnvoyez-nous votre demande et le nombre d\u2019exemplaires souhait\u00e9 ou contactez-nous<br \/>\npour en savoir plus :<br \/>\n<a href=\"mailto:hello@madamegrizzly.com\">hello@madamegrizzly.com<\/a><\/p>\n<p>[\/vc_column_text][\/vc_column][vc_column column_content_align=\u00a0\u00bbjustify-content-center\u00a0\u00bb width=\u00a0\u00bb1\/2&Prime; css=\u00a0\u00bb.vc_custom_1649143675172{padding-right: 40px !important;padding-left: 40px !important;}\u00a0\u00bb][vc_single_image image=\u00a0\u00bb5992&Prime; css=\u00a0\u00bb.vc_custom_1650542038479{margin-bottom: 0px !important;}\u00a0\u00bb][\/vc_column][\/vc_row]<\/p>\n","protected":false},"excerpt":{"rendered":"<p>[vc_row css=\u00a0\u00bb.vc_custom_1650545775679{padding-right: 0px !important;padding-left: 0px !important;}\u00a0\u00bb][vc_column][vc_separator css=\u00a0\u00bb.vc_custom_1650545137806{margin-bottom: 40px !important;}\u00a0\u00bb][vc_column_text css=\u00a0\u00bb.vc_custom_1650545865493{margin-top: 60px !important;padding-bottom: 160px !important;}\u00a0\u00bb] 1 faire-part, 3 possibilit\u00e9s ! Les faire-part de naissance [\/vc_column_text][\/vc_column][\/vc_row][vc_row gap=\u00a0\u00bb20&Prime; css=\u00a0\u00bb.vc_custom_1651155133144{margin-bottom: 60px !important;padding-right: 0px !important;padding-left: 0px !important;}\u00a0\u00bb][vc_column width=\u00a0\u00bb1\/3&Prime; css=\u00a0\u00bb.vc_custom_1651155114276{margin-bottom: 60px !important;border-radius: 1px !important;}\u00a0\u00bb custom_border_radius=\u00a0\u00bb10&Prime; el_class=\u00a0\u00bbcadre\u00a0\u00bb responsive_align=\u00a0\u00bbtext-center\u00a0\u00bb][vc_column_text css=\u00a0\u00bb.vc_custom_1650528815452{padding-right: 30px !important;padding-left: 30px !important;}\u00a0\u00bb] Mod\u00e8le Je choisis un mod\u00e8le dans la collection de [&hellip;]<\/p>\n","protected":false},"author":1,"featured_media":0,"parent":0,"menu_order":0,"comment_status":"closed","ping_status":"closed","template":"","meta":{"footnotes":""},"class_list":["post-751","page","type-page","status-publish","hentry"],"_links":{"self":[{"href":"https:\/\/www.madamegrizzly.com\/index.php\/wp-json\/wp\/v2\/pages\/751","targetHints":{"allow":["GET"]}}],"collection":[{"href":"https:\/\/www.madamegrizzly.com\/index.php\/wp-json\/wp\/v2\/pages"}],"about":[{"href":"https:\/\/www.madamegrizzly.com\/index.php\/wp-json\/wp\/v2\/types\/page"}],"author":[{"embeddable":true,"href":"https:\/\/www.madamegrizzly.com\/index.php\/wp-json\/wp\/v2\/users\/1"}],"replies":[{"embeddable":true,"href":"https:\/\/www.madamegrizzly.com\/index.php\/wp-json\/wp\/v2\/comments?post=751"}],"version-history":[{"count":135,"href":"https:\/\/www.madamegrizzly.com\/index.php\/wp-json\/wp\/v2\/pages\/751\/revisions"}],"predecessor-version":[{"id":6681,"href":"https:\/\/www.madamegrizzly.com\/index.php\/wp-json\/wp\/v2\/pages\/751\/revisions\/6681"}],"wp:attachment":[{"href":"https:\/\/www.madamegrizzly.com\/index.php\/wp-json\/wp\/v2\/media?parent=751"}],"curies":[{"name":"wp","href":"https:\/\/api.w.org\/{rel}","templated":true}]}}