{"id":749,"date":"2017-07-04T20:27:12","date_gmt":"2017-07-04T18:27:12","guid":{"rendered":"http:\/\/www.madamegrizzly.com\/site\/?page_id=749"},"modified":"2022-05-01T21:00:34","modified_gmt":"2022-05-01T19:00:34","slug":"catalogueprofesionnels","status":"publish","type":"page","link":"https:\/\/www.madamegrizzly.com\/index.php\/catalogueprofesionnels\/","title":{"rendered":"Catalogue pour les professionnels"},"content":{"rendered":"<p>[vc_row css=\u00a0\u00bb.vc_custom_1650545775679{padding-right: 0px !important;padding-left: 0px !important;}\u00a0\u00bb][vc_column][vc_separator css=\u00a0\u00bb.vc_custom_1650545137806{margin-bottom: 40px !important;}\u00a0\u00bb][vc_column_text css=\u00a0\u00bb.vc_custom_1651136823927{margin-top: 60px !important;padding-bottom: 110px !important;}\u00a0\u00bb]<\/p>\n<h3 style=\"text-align: center;\"><span style=\"font-size: 12px; text-transform: uppercase; letter-spacing: 0.3em;\">professionnels ou boutiques<\/span><\/h3>\n<h1 style=\"text-align: center;\">Demandez notre catalogue<\/h1>\n<p>[\/vc_column_text][\/vc_column][\/vc_row][vc_row][vc_column][vc_column_text css=\u00a0\u00bb.vc_custom_1651136865190{padding-right: 40px !important;padding-left: 40px !important;}\u00a0\u00bb]<\/p>\n<p style=\"text-align: center;\">Madame Grizzly propose une collection d\u2019illustrations d\u00e9clin\u00e9e sur de la papeterie d\u00e9corative et du linge de lit\u00a0! Un univers po\u00e9tique, doux et ludique, inspir\u00e9 de la nature et des jolis souvenirs, destin\u00e9 \u00e0 faire sourire petits et grands qui souhaitent garder leur \u00e2me d\u2019enfant\u00a0! Les cr\u00e9ations sont imagin\u00e9es et r\u00e9alis\u00e9es en Belgique, avec passion et souci du d\u00e9tail, dans une d\u00e9marche \u00e9coresponsable.<\/p>\n<p style=\"text-align: center;\"><a href=\"\/index.php\/contacter-madame-grizzly\/\">Demandez le catalogue\u00a0et rejoignez les boutiques partenaires.<\/a><\/p>\n<p>[\/vc_column_text][vc_single_image image=\u00a0\u00bb6327&Prime; img_size=\u00a0\u00bb700&#215;955&Prime; alignment=\u00a0\u00bbcenter\u00a0\u00bb css=\u00a0\u00bb.vc_custom_1651431625461{margin-top: 60px !important;}\u00a0\u00bb][\/vc_column][\/vc_row]<\/p>\n","protected":false},"excerpt":{"rendered":"<p>[vc_row css=\u00a0\u00bb.vc_custom_1650545775679{padding-right: 0px !important;padding-left: 0px !important;}\u00a0\u00bb][vc_column][vc_separator css=\u00a0\u00bb.vc_custom_1650545137806{margin-bottom: 40px !important;}\u00a0\u00bb][vc_column_text css=\u00a0\u00bb.vc_custom_1651136823927{margin-top: 60px !important;padding-bottom: 110px !important;}\u00a0\u00bb] professionnels ou boutiques Demandez notre catalogue [\/vc_column_text][\/vc_column][\/vc_row][vc_row][vc_column][vc_column_text css=\u00a0\u00bb.vc_custom_1651136865190{padding-right: 40px !important;padding-left: 40px !important;}\u00a0\u00bb] Madame Grizzly propose une collection d\u2019illustrations d\u00e9clin\u00e9e sur de la papeterie d\u00e9corative et du linge de lit\u00a0! Un univers po\u00e9tique, doux et ludique, inspir\u00e9 de la nature et des [&hellip;]<\/p>\n","protected":false},"author":1,"featured_media":0,"parent":0,"menu_order":0,"comment_status":"closed","ping_status":"closed","template":"","meta":{"footnotes":""},"class_list":["post-749","page","type-page","status-publish","hentry"],"_links":{"self":[{"href":"https:\/\/www.madamegrizzly.com\/index.php\/wp-json\/wp\/v2\/pages\/749","targetHints":{"allow":["GET"]}}],"collection":[{"href":"https:\/\/www.madamegrizzly.com\/index.php\/wp-json\/wp\/v2\/pages"}],"about":[{"href":"https:\/\/www.madamegrizzly.com\/index.php\/wp-json\/wp\/v2\/types\/page"}],"author":[{"embeddable":true,"href":"https:\/\/www.madamegrizzly.com\/index.php\/wp-json\/wp\/v2\/users\/1"}],"replies":[{"embeddable":true,"href":"https:\/\/www.madamegrizzly.com\/index.php\/wp-json\/wp\/v2\/comments?post=749"}],"version-history":[{"count":14,"href":"https:\/\/www.madamegrizzly.com\/index.php\/wp-json\/wp\/v2\/pages\/749\/revisions"}],"predecessor-version":[{"id":6328,"href":"https:\/\/www.madamegrizzly.com\/index.php\/wp-json\/wp\/v2\/pages\/749\/revisions\/6328"}],"wp:attachment":[{"href":"https:\/\/www.madamegrizzly.com\/index.php\/wp-json\/wp\/v2\/media?parent=749"}],"curies":[{"name":"wp","href":"https:\/\/api.w.org\/{rel}","templated":true}]}}