{"id":747,"date":"2017-07-04T20:23:02","date_gmt":"2017-07-04T18:23:02","guid":{"rendered":"http:\/\/www.madamegrizzly.com\/site\/?page_id=747"},"modified":"2022-04-25T22:10:02","modified_gmt":"2022-04-25T20:10:02","slug":"paiements-securises","status":"publish","type":"page","link":"https:\/\/www.madamegrizzly.com\/index.php\/paiements-securises\/","title":{"rendered":"Paiements s\u00e9curis\u00e9s"},"content":{"rendered":"<p>[vc_row css=\u00a0\u00bb.vc_custom_1650545775679{padding-right: 0px !important;padding-left: 0px !important;}\u00a0\u00bb][vc_column][vc_separator css=\u00a0\u00bb.vc_custom_1650545137806{margin-bottom: 40px !important;}\u00a0\u00bb][vc_column_text css=\u00a0\u00bb.vc_custom_1650917057698{margin-top: 60px !important;padding-bottom: 120px !important;}\u00a0\u00bb]<\/p>\n<h3 style=\"text-align: center;\"><span style=\"font-size: 12px; text-transform: uppercase; letter-spacing: 0.3em;\">Nos garanties s\u00e9curit\u00e9<\/span><\/h3>\n<h1 style=\"text-align: center;\">Paiements s\u00e9curis\u00e9s<\/h1>\n<p>[\/vc_column_text][\/vc_column][\/vc_row][vc_row css=\u00a0\u00bb.vc_custom_1428066318242{margin-top: 40px !important;}\u00a0\u00bb margin_bottom=\u00a0\u00bb60&Prime;][vc_column width=\u00a0\u00bb2\/3&Prime;][vc_column_text]<\/p>\n<h2>Payez avec Stripe<\/h2>\n<p>Stripe est un moyen simple et s\u00e9curis\u00e9 d&rsquo;accepter les paiments par carte de cr\u00e9dit et par d\u00e9bit sur notre site Madamegrizzly.com.<\/p>\n<h2>Simple, rapide et convivial<\/h2>\n<p>Quelles cartes de cr\u00e9dit sont accept\u00e9es sur Stripe ?<\/p>\n<p>Stripe est une solution simple pour les r\u00e8glements par cartes de cr\u00e9dit. En Europe, en Australie, au Canada et au Japon, les cartes suivantes sont accept\u00e9es : Visa, MasterCard, et American Express.<\/p>\n<h2>S\u00e9curit\u00e9 ?<\/h2>\n<p>Stripe respecte les standards internationaux PCI-DSS (Payment Card Industry Data Security Standards) adopt\u00e9s par les organisations qui collectent, enregistrent, traitent ou transmettent des informations sur les d\u00e9tenteurs de carte. Vos informations confidentielles ne nous sont pas accessibles et sont conserv\u00e9es sur les serveurs s\u00e9curis\u00e9s de Stripe. Il est important de noter qu&rsquo;il n&rsquo;est pas n\u00e9cessaire de cr\u00e9er un compte pour r\u00e9gler.[\/vc_column_text][\/vc_column][vc_column width=\u00a0\u00bb1\/3&Prime;][vc_single_image image=\u00a0\u00bb6140&Prime;][vc_single_image image=\u00a0\u00bb6142&Prime;][\/vc_column][\/vc_row]<\/p>\n","protected":false},"excerpt":{"rendered":"<p>[vc_row css=\u00a0\u00bb.vc_custom_1650545775679{padding-right: 0px !important;padding-left: 0px !important;}\u00a0\u00bb][vc_column][vc_separator css=\u00a0\u00bb.vc_custom_1650545137806{margin-bottom: 40px !important;}\u00a0\u00bb][vc_column_text css=\u00a0\u00bb.vc_custom_1650917057698{margin-top: 60px !important;padding-bottom: 120px !important;}\u00a0\u00bb] Nos garanties s\u00e9curit\u00e9 Paiements s\u00e9curis\u00e9s [\/vc_column_text][\/vc_column][\/vc_row][vc_row css=\u00a0\u00bb.vc_custom_1428066318242{margin-top: 40px !important;}\u00a0\u00bb margin_bottom=\u00a0\u00bb60&Prime;][vc_column width=\u00a0\u00bb2\/3&Prime;][vc_column_text] Payez avec Stripe Stripe est un moyen simple et s\u00e9curis\u00e9 d&rsquo;accepter les paiments par carte de cr\u00e9dit et par d\u00e9bit sur notre site Madamegrizzly.com. Simple, rapide et convivial Quelles cartes [&hellip;]<\/p>\n","protected":false},"author":1,"featured_media":0,"parent":0,"menu_order":0,"comment_status":"closed","ping_status":"closed","template":"","meta":{"footnotes":""},"class_list":["post-747","page","type-page","status-publish","hentry"],"_links":{"self":[{"href":"https:\/\/www.madamegrizzly.com\/index.php\/wp-json\/wp\/v2\/pages\/747","targetHints":{"allow":["GET"]}}],"collection":[{"href":"https:\/\/www.madamegrizzly.com\/index.php\/wp-json\/wp\/v2\/pages"}],"about":[{"href":"https:\/\/www.madamegrizzly.com\/index.php\/wp-json\/wp\/v2\/types\/page"}],"author":[{"embeddable":true,"href":"https:\/\/www.madamegrizzly.com\/index.php\/wp-json\/wp\/v2\/users\/1"}],"replies":[{"embeddable":true,"href":"https:\/\/www.madamegrizzly.com\/index.php\/wp-json\/wp\/v2\/comments?post=747"}],"version-history":[{"count":13,"href":"https:\/\/www.madamegrizzly.com\/index.php\/wp-json\/wp\/v2\/pages\/747\/revisions"}],"predecessor-version":[{"id":6143,"href":"https:\/\/www.madamegrizzly.com\/index.php\/wp-json\/wp\/v2\/pages\/747\/revisions\/6143"}],"wp:attachment":[{"href":"https:\/\/www.madamegrizzly.com\/index.php\/wp-json\/wp\/v2\/media?parent=747"}],"curies":[{"name":"wp","href":"https:\/\/api.w.org\/{rel}","templated":true}]}}