{"id":66,"date":"2016-06-29T15:48:18","date_gmt":"2016-06-29T15:48:18","guid":{"rendered":"http:\/\/8theme.com\/import\/classico\/base\/?page_id=66"},"modified":"2023-08-30T11:20:49","modified_gmt":"2023-08-30T09:20:49","slug":"livraisons","status":"publish","type":"page","link":"https:\/\/www.madamegrizzly.com\/index.php\/livraisons\/","title":{"rendered":"Livraisons"},"content":{"rendered":"<p>[vc_row css=\u00a0\u00bb.vc_custom_1650545775679{padding-right: 0px !important;padding-left: 0px !important;}\u00a0\u00bb][vc_column][vc_separator css=\u00a0\u00bb.vc_custom_1650545137806{margin-bottom: 40px !important;}\u00a0\u00bb][vc_column_text css=\u00a0\u00bb.vc_custom_1650916451670{margin-top: 60px !important;padding-bottom: 120px !important;}\u00a0\u00bb]<\/p>\n<h3 style=\"text-align: center;\"><span style=\"font-size: 12px; text-transform: uppercase; letter-spacing: 0.3em;\">livraisons &amp; retours<\/span><\/h3>\n<h1 style=\"text-align: center;\">Tarifs &amp; conditions<\/h1>\n<p>[\/vc_column_text][\/vc_column][\/vc_row][vc_row padding_top=\u00a0\u00bb60&Prime; margin_bottom=\u00a0\u00bb60&Prime;][vc_column][vc_column_text]<\/p>\n<table class=\"table\" width=\"80%\">\n<tbody>\n<tr>\n<th align=\"left\" width=\"33%\">Pays de destination<\/th>\n<th align=\"center\" width=\"33%\"><\/th>\n<th align=\"center\" width=\"33%\"><\/th>\n<\/tr>\n<tr>\n<td>Belgique<\/td>\n<td align=\"center\">5.70 \u20ac (Bpost)<br \/>\n3.75 \u20ac (Mondial Relay)<\/td>\n<td align=\"center\"><\/td>\n<\/tr>\n<\/tbody>\n<\/table>\n<p>&nbsp;<\/p>\n<table class=\"table\" width=\"80%\">\n<tbody>\n<tr>\n<th align=\"left\" width=\"33%\">Pays de destination<\/th>\n<th align=\"center\" width=\"33%\"><\/th>\n<th align=\"center\" width=\"33%\"><\/th>\n<\/tr>\n<tr>\n<td>Luxembourg<\/td>\n<td align=\"center\">3,75 \u20ac (Point Mondial Relay)<\/td>\n<td align=\"center\"><\/td>\n<\/tr>\n<tr>\n<td>France \/ Pays-Bas<\/td>\n<td align=\"center\">5,90 \u20ac (Point Mondial Relay)<\/td>\n<td align=\"center\"><\/td>\n<\/tr>\n<tr>\n<td>Espagne\/Portugal<\/td>\n<td align=\"center\">9 \u20ac (Point Mondial Relay)<\/td>\n<td align=\"center\"><\/td>\n<\/tr>\n<\/tbody>\n<\/table>\n<p>[\/vc_column_text][\/vc_column][\/vc_row][vc_row margin_bottom=\u00a0\u00bb60&Prime; css=\u00a0\u00bb.vc_custom_1650916255209{margin-top: 60px !important;}\u00a0\u00bb][vc_column width=\u00a0\u00bb1\/2&Prime;][vc_column_text]<strong>Frais de livraison:<\/strong><\/p>\n<p>Les frais de livraison sont pris en charge par Madamegrizzly.com pour toute commande \u00e0 partir de 180,00 \u20ac TTC (TVA incluse). Toute commande pass\u00e9e sur le site Madamegrizzly sera livr\u00e9e par les services de Bpost ou Mondial Relay.<\/p>\n<p>Dans le cas de retour de colis, les frais de retour sont toujours \u00e0 charge du client.<\/p>\n<p><strong>D\u00e9lais de livraison en Belgique:<\/strong><\/p>\n<p>Les d\u00e9lais de livraison g\u00e9n\u00e9ralement constat\u00e9s pour la Papeterie et les Accessoires varient entre 48 et 72 heures (ouvrables) pour les produits en stock \u00e0 compter de la confirmation de commande du client \u00e0 Madamegrizzly.<\/p>\n<p>Pour les produits hors stock, un d\u00e9lai de 10 \u00e0 15 jours ouvrables est n\u00e9cessaire pour l\u2019envoi du colis.<\/p>\n<p>Concernant les d\u00e9lais de livraison pour les faire-part de Naissance et Mariage, voir \u00ab\u00a0Comment \u00e7a marche?\u00a0\u00bb.<\/p>\n<p><strong>Emballage et assurance:<\/strong><\/p>\n<p>Vos achats sont emball\u00e9s avec le plus grand soin, \u00e0 l&rsquo;aide de mat\u00e9riaux de protection. L&rsquo;attention que nous portons au conditionnement nous permet de proposer une livraison dans les meilleures conditions.[\/vc_column_text][\/vc_column][vc_column width=\u00a0\u00bb1\/2&Prime;][vc_column_text]<strong>En cas d&rsquo;absence:<\/strong><\/p>\n<p>Dans le cas d&rsquo;une livraison par Bpost, un avis de passage est d\u00e9pos\u00e9 dans votre bo\u00eete aux lettres. La premi\u00e8re fois, un num\u00e9ro de t\u00e9l\u00e9phone vous permettra de fixer une nouvelle heure de livraison. Si par malchance, la deuxi\u00e8me tentative \u00e9chouait, vous disposez alors d&rsquo;un d\u00e9lai de 5 jours ouvrables pour retirer votre colis au bureau de poste le plus proche indiqu\u00e9 sur l&rsquo;avis de passage.<\/p>\n<p><strong>Perte \u00e9ventuelle de colis:<\/strong><\/p>\n<p>Malgr\u00e9 le suivi informatique de nos envois, il se peut tr\u00e8s exceptionnellement qu&rsquo;un colis soit \u00e9gar\u00e9.<\/p>\n<p>Dans ce cas, nous vous invitons \u00e0 prendre contact avec notre service client par Email : <a href=\"mailto:hello@madamegrizzly.com\">hello@madamegrizzly.com<\/a><\/p>\n<p>Les cas suivants de force majeure notamment lib\u00e8rent Madamegrizzly.com de son obligation de livraison: guerre, r\u00e9volte, incendie, gr\u00e8ves, accident et impossibilit\u00e9 d&rsquo;\u00eatre approvisionn\u00e9e elle-m\u00eame par les fournisseurs ou les transporteurs normaux.<\/p>\n<p>Dans les cas suivants notamment, Madamegrizzly.com peut suspendre provisoirement la livraison: d\u00e9rangements du r\u00e9seau interne, d\u00e9rangements en mati\u00e8re de t\u00e9l\u00e9phonie, d\u00e9rangements en mati\u00e8re d&rsquo;acc\u00e8s (probl\u00e9matique) \u00e0 l&rsquo;Internet et semblables. L&rsquo;ex\u00e9cution du contrat est alors suspendue jusqu&rsquo;\u00e0 ce qu&rsquo;il soit rem\u00e9di\u00e9 au d\u00e9rangement et\/ou que l&rsquo;acc\u00e8s \u00e0 l&rsquo;Internet soit r\u00e9tabli sans que l&rsquo;acheteur puisse invoquer la dissolution du contrat et\/ou des dommages et int\u00e9r\u00eats.<\/p>\n<p>Pour toute question concernant la livraison, veuillez nous envoyer un mail \u00e0 <a href=\"mailto:hello@madamegrizzly.com\">hello@madamegrizzly.com<\/a>.[\/vc_column_text][\/vc_column][\/vc_row]<\/p>\n","protected":false},"excerpt":{"rendered":"<p>[vc_row css=\u00a0\u00bb.vc_custom_1650545775679{padding-right: 0px !important;padding-left: 0px !important;}\u00a0\u00bb][vc_column][vc_separator css=\u00a0\u00bb.vc_custom_1650545137806{margin-bottom: 40px !important;}\u00a0\u00bb][vc_column_text css=\u00a0\u00bb.vc_custom_1650916451670{margin-top: 60px !important;padding-bottom: 120px !important;}\u00a0\u00bb] livraisons &amp; retours Tarifs &amp; conditions [\/vc_column_text][\/vc_column][\/vc_row][vc_row padding_top=\u00a0\u00bb60&Prime; margin_bottom=\u00a0\u00bb60&Prime;][vc_column][vc_column_text] Pays de destination Belgique 5.70 \u20ac (Bpost) 3.75 \u20ac (Mondial Relay) &nbsp; Pays de destination Luxembourg 3,75 \u20ac (Point Mondial Relay) France \/ Pays-Bas 5,90 \u20ac (Point Mondial Relay) Espagne\/Portugal 9 \u20ac [&hellip;]<\/p>\n","protected":false},"author":1,"featured_media":0,"parent":0,"menu_order":0,"comment_status":"closed","ping_status":"closed","template":"","meta":{"footnotes":""},"class_list":["post-66","page","type-page","status-publish","hentry"],"_links":{"self":[{"href":"https:\/\/www.madamegrizzly.com\/index.php\/wp-json\/wp\/v2\/pages\/66","targetHints":{"allow":["GET"]}}],"collection":[{"href":"https:\/\/www.madamegrizzly.com\/index.php\/wp-json\/wp\/v2\/pages"}],"about":[{"href":"https:\/\/www.madamegrizzly.com\/index.php\/wp-json\/wp\/v2\/types\/page"}],"author":[{"embeddable":true,"href":"https:\/\/www.madamegrizzly.com\/index.php\/wp-json\/wp\/v2\/users\/1"}],"replies":[{"embeddable":true,"href":"https:\/\/www.madamegrizzly.com\/index.php\/wp-json\/wp\/v2\/comments?post=66"}],"version-history":[{"count":29,"href":"https:\/\/www.madamegrizzly.com\/index.php\/wp-json\/wp\/v2\/pages\/66\/revisions"}],"predecessor-version":[{"id":6725,"href":"https:\/\/www.madamegrizzly.com\/index.php\/wp-json\/wp\/v2\/pages\/66\/revisions\/6725"}],"wp:attachment":[{"href":"https:\/\/www.madamegrizzly.com\/index.php\/wp-json\/wp\/v2\/media?parent=66"}],"curies":[{"name":"wp","href":"https:\/\/api.w.org\/{rel}","templated":true}]}}