{"id":202,"date":"2016-06-29T15:31:07","date_gmt":"2016-06-29T13:31:07","guid":{"rendered":"http:\/\/8theme.com\/import\/classico\/base\/?page_id=7"},"modified":"2022-05-03T12:59:39","modified_gmt":"2022-05-03T10:59:39","slug":"madame-grizzly","status":"publish","type":"page","link":"https:\/\/www.madamegrizzly.com\/index.php\/madame-grizzly\/","title":{"rendered":"A propos"},"content":{"rendered":"<p>[vc_row css=\u00a0\u00bb.vc_custom_1650545775679{padding-right: 0px !important;padding-left: 0px !important;}\u00a0\u00bb][vc_column][vc_separator css=\u00a0\u00bb.vc_custom_1650545137806{margin-bottom: 40px !important;}\u00a0\u00bb][vc_column_text css=\u00a0\u00bb.vc_custom_1650546985364{margin-top: 60px !important;padding-bottom: 120px !important;}\u00a0\u00bb]<\/p>\n<h3 style=\"text-align: center;\"><span style=\"font-size: 12px; text-transform: uppercase; letter-spacing: 0.3em;\">Papeterie &amp; studio graphique<\/span><\/h3>\n<h1 style=\"text-align: center;\">Madame Grizzly<\/h1>\n<p>[\/vc_column_text][\/vc_column][\/vc_row][vc_row padding_top=\u00a0\u00bb60&Prime; padding_bottom=\u00a0\u00bb60&Prime;][vc_column width=\u00a0\u00bb1\/2&Prime;][vc_single_image image=\u00a0\u00bb6230&Prime; img_size=\u00a0\u00bb600px\u00a0\u00bb][\/vc_column][vc_column width=\u00a0\u00bb1\/2&Prime; css=\u00a0\u00bb.vc_custom_1487708504175{padding-top: 0px !important;padding-right: 50px !important;padding-bottom: 0px !important;padding-left: 50px !important;}\u00a0\u00bb][vc_column_text]Enjoliver la vie et ce qui l\u2019entoure, voil\u00e0 ce qui m\u2019anime depuis toujours\u00a0!<br \/>\nAuthenticit\u00e9 et sensibilit\u00e9 sont les ingr\u00e9dients de ma cr\u00e9ativit\u00e9, ils dessinent les contours de ma conception du monde.<\/p>\n<p>De cette envie de sublimer le quotidien est n\u00e9 le projet Madame Grizzly.<\/p>\n<p>Madame Grizzly, c\u2019est un atelier de cr\u00e9ations graphiques, o\u00f9 se m\u00ealent douceur et simplicit\u00e9. Depuis 2016, je vous accompagne de l\u2019esquisse \u00e0 la concr\u00e9tisation de vos plus belles id\u00e9es et je suis \u00e0 votre \u00e9coute pour mettre le plus joliment celles-ci en lumi\u00e8re.<\/p>\n<p>Mon objectif\u00a0? Faire briller vos projets et susciter une \u00e9motion dans le c\u0153ur des gens\u00a0!<\/p>\n<p>Que vous soyez cr\u00e9ateur, starter, ou entrepreneur, nous travaillons main dans la main pour cr\u00e9er un projet harmonieux qui vous ressemble. La relation d\u00e9velopp\u00e9e avec vous est \u00e0 la base de chaque cr\u00e9ation. Je la souhaite spontan\u00e9e, sinc\u00e8re et collaborative, en me positionnant comme partenaire plut\u00f4t que comme prestataire. C\u2019est ainsi que la magie op\u00e8re et que le projet prend vie\u2026<\/p>\n<p>Madame Grizzly, c\u2019est aussi un univers po\u00e9tique et ludique d\u00e9clin\u00e9 dans une gamme de papeterie festive, d\u00e9corative et \u00e9thique, un univers inspir\u00e9 de la nature et des jolis souvenirs, des illustrations pour faire sourire petits et grands qui souhaitent garder leur \u00e2me d\u2019enfant\u2026<\/p>\n<p>H\u00e2te d&rsquo;\u00e9changer avec vous,<br \/>\nLaur\u00e9lie[\/vc_column_text][vc_row_inner gap=\u00a0\u00bb0&Prime; css=\u00a0\u00bb.vc_custom_1650569971635{margin-top: 40px !important;padding-right: 0px !important;padding-left: 0px !important;}\u00a0\u00bb][vc_column_inner width=\u00a0\u00bb1\/2&Prime; css=\u00a0\u00bb.vc_custom_1650569981570{margin-right: 0px !important;margin-left: 0px !important;padding-right: 0px !important;padding-left: 0px !important;}\u00a0\u00bb]<a href=\"\/index.php\/e-shop-madame-grizzly\/\" class=\"btn btn-underlined border-thin btn-has-label ld_button_6a0477a3668fc\" >\n\t<span>\n\t\n\t\t\t\t\t<span class=\"btn-txt\" data-text=\"E-shop\" >E-shop<\/span>\n\t\t\n\t\t\t\t\t<\/span>\n<\/a>\n[\/vc_column_inner][vc_column_inner width=\u00a0\u00bb1\/2&Prime; css=\u00a0\u00bb.vc_custom_1650569990871{margin-right: 0px !important;margin-left: 0px !important;padding-right: 0px !important;padding-left: 0px !important;}\u00a0\u00bb]<a href=\"https:\/\/www.madamegrizzly.com\/index.php\/le-studio\/\" title=\"Le studio graphique \u00e0 Li\u00e8ge\" class=\"btn btn-underlined border-thin btn-has-label ld_button_6a0477a366bea\" >\n\t<span>\n\t\n\t\t\t\t\t<span class=\"btn-txt\" data-text=\"Studio graphique\" >Studio graphique<\/span>\n\t\t\n\t\t\t\t\t<\/span>\n<\/a>\n[\/vc_column_inner][\/vc_row_inner][\/vc_column][\/vc_row]<\/p>\n","protected":false},"excerpt":{"rendered":"<p>[vc_row css=\u00a0\u00bb.vc_custom_1650545775679{padding-right: 0px !important;padding-left: 0px !important;}\u00a0\u00bb][vc_column][vc_separator css=\u00a0\u00bb.vc_custom_1650545137806{margin-bottom: 40px !important;}\u00a0\u00bb][vc_column_text css=\u00a0\u00bb.vc_custom_1650546985364{margin-top: 60px !important;padding-bottom: 120px !important;}\u00a0\u00bb] Papeterie &amp; studio graphique Madame Grizzly [\/vc_column_text][\/vc_column][\/vc_row][vc_row padding_top=\u00a0\u00bb60&Prime; padding_bottom=\u00a0\u00bb60&Prime;][vc_column width=\u00a0\u00bb1\/2&Prime;][vc_single_image image=\u00a0\u00bb6230&Prime; img_size=\u00a0\u00bb600px\u00a0\u00bb][\/vc_column][vc_column width=\u00a0\u00bb1\/2&Prime; css=\u00a0\u00bb.vc_custom_1487708504175{padding-top: 0px !important;padding-right: 50px !important;padding-bottom: 0px !important;padding-left: 50px !important;}\u00a0\u00bb][vc_column_text]Enjoliver la vie et ce qui l\u2019entoure, voil\u00e0 ce qui m\u2019anime depuis toujours\u00a0! Authenticit\u00e9 et sensibilit\u00e9 sont les ingr\u00e9dients de [&hellip;]<\/p>\n","protected":false},"author":1,"featured_media":0,"parent":0,"menu_order":0,"comment_status":"closed","ping_status":"closed","template":"","meta":{"footnotes":""},"class_list":["post-202","page","type-page","status-publish","hentry"],"_links":{"self":[{"href":"https:\/\/www.madamegrizzly.com\/index.php\/wp-json\/wp\/v2\/pages\/202","targetHints":{"allow":["GET"]}}],"collection":[{"href":"https:\/\/www.madamegrizzly.com\/index.php\/wp-json\/wp\/v2\/pages"}],"about":[{"href":"https:\/\/www.madamegrizzly.com\/index.php\/wp-json\/wp\/v2\/types\/page"}],"author":[{"embeddable":true,"href":"https:\/\/www.madamegrizzly.com\/index.php\/wp-json\/wp\/v2\/users\/1"}],"replies":[{"embeddable":true,"href":"https:\/\/www.madamegrizzly.com\/index.php\/wp-json\/wp\/v2\/comments?post=202"}],"version-history":[{"count":44,"href":"https:\/\/www.madamegrizzly.com\/index.php\/wp-json\/wp\/v2\/pages\/202\/revisions"}],"predecessor-version":[{"id":6355,"href":"https:\/\/www.madamegrizzly.com\/index.php\/wp-json\/wp\/v2\/pages\/202\/revisions\/6355"}],"wp:attachment":[{"href":"https:\/\/www.madamegrizzly.com\/index.php\/wp-json\/wp\/v2\/media?parent=202"}],"curies":[{"name":"wp","href":"https:\/\/api.w.org\/{rel}","templated":true}]}}